{"id":2222,"date":"2021-04-22T11:34:34","date_gmt":"2021-04-22T09:34:34","guid":{"rendered":"https:\/\/modamo.pl\/?post_type=product&#038;p=2222"},"modified":"2021-05-05T22:34:17","modified_gmt":"2021-05-05T20:34:17","slug":"kurtka-jeansowa-alice-oversize","status":"publish","type":"product","link":"https:\/\/modamo.pl\/index.php\/produkt\/kurtka-jeansowa-alice-oversize\/","title":{"rendered":"Kurtka Jeansowa Alice Oversize"},"content":{"rendered":"","protected":false},"excerpt":{"rendered":"<p>Katana jeansowa Alice Oversize stanowi doskona\u0142e okrycie wierzchnie w codziennych stylizacjach.\u00a0Elementem ozdobnym s\u0105 umieszczone na ca\u0142ej kurtce przetarcia. Zapinana na guziki. Posiada funkcjonalne kieszenie.<\/p>\n<p>Lu\u017ana, oversizowa kurtka z genialnym efektem przetar\u0107.\u00a0\u015awietnie sprawdzi si\u0119 w po\u0142\u0105czeniu z klasycznymi jeansami, dresami i t-shirtem.\u00a0Idealna r\u00f3wnie\u017c do sp\u00f3dniczek i sukienek w kolorowych wzorach. Zestawiona z boho sukienk\u0105 i botkami stworzy pi\u0119kny, romantyczny look.<\/p>\n","protected":false},"featured_media":2298,"comment_status":"closed","ping_status":"closed","template":"","meta":{"_monsterinsights_skip_tracking":false,"_monsterinsights_sitenote_active":false,"_monsterinsights_sitenote_note":"","_monsterinsights_sitenote_category":0},"product_cat":[111,109,216,110,113],"product_tag":[],"class_list":["post-2222","product","type-product","status-publish","has-post-thumbnail","hentry","product_cat-bestseller","product_cat-kategorie","product_cat-kurtki-jeansowe","product_cat-nowosci","product_cat-odziez"],"_links":{"self":[{"href":"https:\/\/modamo.pl\/index.php\/wp-json\/wp\/v2\/product\/2222","targetHints":{"allow":["GET"]}}],"collection":[{"href":"https:\/\/modamo.pl\/index.php\/wp-json\/wp\/v2\/product"}],"about":[{"href":"https:\/\/modamo.pl\/index.php\/wp-json\/wp\/v2\/types\/product"}],"replies":[{"embeddable":true,"href":"https:\/\/modamo.pl\/index.php\/wp-json\/wp\/v2\/comments?post=2222"}],"wp:featuredmedia":[{"embeddable":true,"href":"https:\/\/modamo.pl\/index.php\/wp-json\/wp\/v2\/media\/2298"}],"wp:attachment":[{"href":"https:\/\/modamo.pl\/index.php\/wp-json\/wp\/v2\/media?parent=2222"}],"wp:term":[{"taxonomy":"product_cat","embeddable":true,"href":"https:\/\/modamo.pl\/index.php\/wp-json\/wp\/v2\/product_cat?post=2222"},{"taxonomy":"product_tag","embeddable":true,"href":"https:\/\/modamo.pl\/index.php\/wp-json\/wp\/v2\/product_tag?post=2222"}],"curies":[{"name":"wp","href":"https:\/\/api.w.org\/{rel}","templated":true}]}}