{"id":2209,"date":"2021-04-22T10:15:35","date_gmt":"2021-04-22T08:15:35","guid":{"rendered":"https:\/\/modamo.pl\/?post_type=product&#038;p=2209"},"modified":"2021-05-05T22:34:56","modified_gmt":"2021-05-05T20:34:56","slug":"bluzka-klara","status":"publish","type":"product","link":"https:\/\/modamo.pl\/index.php\/produkt\/bluzka-klara\/","title":{"rendered":"Bluzka Klara"},"content":{"rendered":"","protected":false},"excerpt":{"rendered":"<p>Bluzka bawe\u0142niana Klara wykonana zosta\u0142a dla kobiet\u00a0uwielbiaj\u0105cych mod\u0119 oraz\u00a0ceni\u0105cych sobie wygod\u0119 oraz komfort noszenia przez ca\u0142y dzie\u0144. Model wzbogacony zosta\u0142 o mo\u017cliwo\u015b\u0107 ozdobnego zawi\u0105zania bluzki z ty\u0142u. Bluzka posiada lu\u017any, d\u0142u\u017cszy kr\u00f3j. Przewiewny, naturalny materia\u0142 idealnie sprawdzi si\u0119 na wiosn\u0119 i lato. R\u0119kaw d\u0142ugo\u015bci 3\/4 wyko\u0144czony zosta\u0142 gumk\u0105, dzi\u0119ki czemu mo\u017cemy dowolnie dostosowa\u0107 do swojej ulubionej d\u0142ugo\u015bci.\u00a0<\/p>\n<p>Bluzka wykonana zosta\u0142a z 100% naturalnej bawe\u0142ny, dzi\u0119ki czemu sprawdzi si\u0119 fantastycznie\u00a0nawet w bardzo upalnie dni zapewniaj\u0105c\u00a0komfort noszenia.\u00a0Lu\u017any kr\u00f3j pozwala na zestawienie jej w stylizacji miejskiej na przyk\u0142ad do kr\u00f3tkich szort\u00f3w jak r\u00f3wnie\u017c na bardziej oficjalne spotkania ze sp\u00f3dnic\u0105 czy spodniami. Niezale\u017cnie od wybranej wersji zawsze b\u0119dzie wygl\u0105da\u0142a ponadczasowo oraz stylowo.\u00a0<\/p>\n","protected":false},"featured_media":2379,"comment_status":"closed","ping_status":"closed","template":"","meta":{"_monsterinsights_skip_tracking":false,"_monsterinsights_sitenote_active":false,"_monsterinsights_sitenote_note":"","_monsterinsights_sitenote_category":0},"product_cat":[111,121,109,110,113],"product_tag":[],"class_list":["post-2209","product","type-product","status-publish","has-post-thumbnail","hentry","product_cat-bestseller","product_cat-bluzki-i-topy","product_cat-kategorie","product_cat-nowosci","product_cat-odziez"],"_links":{"self":[{"href":"https:\/\/modamo.pl\/index.php\/wp-json\/wp\/v2\/product\/2209","targetHints":{"allow":["GET"]}}],"collection":[{"href":"https:\/\/modamo.pl\/index.php\/wp-json\/wp\/v2\/product"}],"about":[{"href":"https:\/\/modamo.pl\/index.php\/wp-json\/wp\/v2\/types\/product"}],"replies":[{"embeddable":true,"href":"https:\/\/modamo.pl\/index.php\/wp-json\/wp\/v2\/comments?post=2209"}],"wp:featuredmedia":[{"embeddable":true,"href":"https:\/\/modamo.pl\/index.php\/wp-json\/wp\/v2\/media\/2379"}],"wp:attachment":[{"href":"https:\/\/modamo.pl\/index.php\/wp-json\/wp\/v2\/media?parent=2209"}],"wp:term":[{"taxonomy":"product_cat","embeddable":true,"href":"https:\/\/modamo.pl\/index.php\/wp-json\/wp\/v2\/product_cat?post=2209"},{"taxonomy":"product_tag","embeddable":true,"href":"https:\/\/modamo.pl\/index.php\/wp-json\/wp\/v2\/product_tag?post=2209"}],"curies":[{"name":"wp","href":"https:\/\/api.w.org\/{rel}","templated":true}]}}