{"id":2204,"date":"2021-04-21T22:49:37","date_gmt":"2021-04-21T20:49:37","guid":{"rendered":"https:\/\/modamo.pl\/?post_type=product&#038;p=2204"},"modified":"2021-07-11T22:31:04","modified_gmt":"2021-07-11T20:31:04","slug":"koszula-len-oversize-beige","status":"publish","type":"product","link":"https:\/\/modamo.pl\/index.php\/produkt\/koszula-len-oversize-beige\/","title":{"rendered":"Koszula Len Oversize Beige"},"content":{"rendered":"","protected":false},"excerpt":{"rendered":"<p>Oversizowa koszula lniana wykonana z wysokiej jako\u015bci lnu, kt\u00f3ry zapewnia komfort noszenia przez ca\u0142y dzie\u0144. Model zapinany na ozdobne, delikatne guziki u\u0142atwia dostosowanie g\u0142\u0119boko\u015bci dekoltu do w\u0142asnych preferencji. Posiada oversizowy, d\u0142u\u017cszy kr\u00f3j. Przewiewny, naturalny materia\u0142 idealnie sprawdzi si\u0119 na wiosn\u0119 i lato. R\u0119kaw d\u0142ugo\u015bci 3\/4 mo\u017cemy dowolnie dostosowa\u0107 do swojej ulubionej d\u0142ugo\u015bci.\u00a0<\/p>\n<p>Koszula wykonana zosta\u0142a z 100% naturalnego lnu, dzi\u0119ki czemu sprawdzi si\u0119 fantastycznie\u00a0nawet w bardzo upalnie dni zapewniaj\u0105c\u00a0komfort oraz wygod\u0119 noszenia.\u00a0Lu\u017any kr\u00f3j pozwala na zestawienie koszuli w stylizacji miejskiej na przyk\u0142ad do kr\u00f3tkich szort\u00f3w jak i w pla\u017cowej wersji ze strojem k\u0105pielowym. Niezale\u017cnie od wybranej wersji zawsze b\u0119dzie wygl\u0105da\u0142a ponadczasowo oraz stylowo. Dost\u0119pna w kilku kolorach.\u00a0<\/p>\n","protected":false},"featured_media":2394,"comment_status":"closed","ping_status":"closed","template":"","meta":{"_monsterinsights_skip_tracking":false,"_monsterinsights_sitenote_active":false,"_monsterinsights_sitenote_note":"","_monsterinsights_sitenote_category":0},"product_cat":[111,109,134,208,205,110,113],"product_tag":[],"class_list":["post-2204","product","type-product","status-publish","has-post-thumbnail","hentry","product_cat-bestseller","product_cat-kategorie","product_cat-koszule","product_cat-koszule-lniane","product_cat-len","product_cat-nowosci","product_cat-odziez"],"_links":{"self":[{"href":"https:\/\/modamo.pl\/index.php\/wp-json\/wp\/v2\/product\/2204","targetHints":{"allow":["GET"]}}],"collection":[{"href":"https:\/\/modamo.pl\/index.php\/wp-json\/wp\/v2\/product"}],"about":[{"href":"https:\/\/modamo.pl\/index.php\/wp-json\/wp\/v2\/types\/product"}],"replies":[{"embeddable":true,"href":"https:\/\/modamo.pl\/index.php\/wp-json\/wp\/v2\/comments?post=2204"}],"wp:featuredmedia":[{"embeddable":true,"href":"https:\/\/modamo.pl\/index.php\/wp-json\/wp\/v2\/media\/2394"}],"wp:attachment":[{"href":"https:\/\/modamo.pl\/index.php\/wp-json\/wp\/v2\/media?parent=2204"}],"wp:term":[{"taxonomy":"product_cat","embeddable":true,"href":"https:\/\/modamo.pl\/index.php\/wp-json\/wp\/v2\/product_cat?post=2204"},{"taxonomy":"product_tag","embeddable":true,"href":"https:\/\/modamo.pl\/index.php\/wp-json\/wp\/v2\/product_tag?post=2204"}],"curies":[{"name":"wp","href":"https:\/\/api.w.org\/{rel}","templated":true}]}}