{"id":2186,"date":"2021-04-21T20:20:24","date_gmt":"2021-04-21T18:20:24","guid":{"rendered":"https:\/\/modamo.pl\/?post_type=product&#038;p=2186"},"modified":"2021-05-05T22:36:00","modified_gmt":"2021-05-05T20:36:00","slug":"komplet-margarett","status":"publish","type":"product","link":"https:\/\/modamo.pl\/index.php\/produkt\/komplet-margarett\/","title":{"rendered":"Komplet Margarett"},"content":{"rendered":"","protected":false},"excerpt":{"rendered":"<p>Komplet Margarett stworzony zosta\u0142 jako alternatywa d\u0142ugiej sukienki. Jest odzwierciedleniem idealnej letniej stylizacji.\u00a0Model o niesamowitym kroju, kt\u00f3ry doskonale eksponuje dekolt, jednocze\u015bnie wysmuklaj\u0105c sylwetk\u0119. Top posiada wi\u0105zanie w talii dzi\u0119ki, kt\u00f3remu mocniej j\u0105 podkre\u015blimy i dodamy kobiecego uroku. Komplet posiada ozdobne guzki wyko\u0144czone materia\u0142em.\u00a0Rozci\u0119cie w sp\u00f3dnicy podkre\u015bla zmys\u0142owy charakter modelu.<\/p>\n<p>Komplet wykonany zosta\u0142 z wysokiej jako\u015bci materia\u0142\u00f3w, kt\u00f3re zapewniaj\u0105 ogromny komfort oraz wygod\u0119 noszenia przez ca\u0142y dzie\u0144, nawet w bardzo ciep\u0142e dni. Zestawiony z butami na wysokim obcasie stworzy idealn\u0105 kreacj\u0119 na przyj\u0119cia, wesela czy te\u017c randk\u0119. Na co dzie\u0144 mo\u017cemy po\u0142\u0105czy\u0107 go ze sportowym obuwiem tworz\u0105c casualow\u0105 stylizacj\u0119.<\/p>\n","protected":false},"featured_media":2327,"comment_status":"closed","ping_status":"closed","template":"","meta":{"_monsterinsights_skip_tracking":false,"_monsterinsights_sitenote_active":false,"_monsterinsights_sitenote_note":"","_monsterinsights_sitenote_category":0},"product_cat":[111,109,211,110,113],"product_tag":[],"class_list":["post-2186","product","type-product","status-publish","has-post-thumbnail","hentry","product_cat-bestseller","product_cat-kategorie","product_cat-komplety","product_cat-nowosci","product_cat-odziez"],"_links":{"self":[{"href":"https:\/\/modamo.pl\/index.php\/wp-json\/wp\/v2\/product\/2186","targetHints":{"allow":["GET"]}}],"collection":[{"href":"https:\/\/modamo.pl\/index.php\/wp-json\/wp\/v2\/product"}],"about":[{"href":"https:\/\/modamo.pl\/index.php\/wp-json\/wp\/v2\/types\/product"}],"replies":[{"embeddable":true,"href":"https:\/\/modamo.pl\/index.php\/wp-json\/wp\/v2\/comments?post=2186"}],"wp:featuredmedia":[{"embeddable":true,"href":"https:\/\/modamo.pl\/index.php\/wp-json\/wp\/v2\/media\/2327"}],"wp:attachment":[{"href":"https:\/\/modamo.pl\/index.php\/wp-json\/wp\/v2\/media?parent=2186"}],"wp:term":[{"taxonomy":"product_cat","embeddable":true,"href":"https:\/\/modamo.pl\/index.php\/wp-json\/wp\/v2\/product_cat?post=2186"},{"taxonomy":"product_tag","embeddable":true,"href":"https:\/\/modamo.pl\/index.php\/wp-json\/wp\/v2\/product_tag?post=2186"}],"curies":[{"name":"wp","href":"https:\/\/api.w.org\/{rel}","templated":true}]}}