{"id":2183,"date":"2021-04-21T20:11:17","date_gmt":"2021-04-21T18:11:17","guid":{"rendered":"https:\/\/modamo.pl\/?post_type=product&#038;p=2183"},"modified":"2021-05-05T23:59:41","modified_gmt":"2021-05-05T21:59:41","slug":"komplet-luisa-white","status":"publish","type":"product","link":"https:\/\/modamo.pl\/index.php\/produkt\/komplet-luisa-white\/","title":{"rendered":"Komplet Luisa White"},"content":{"rendered":"","protected":false},"excerpt":{"rendered":"<p>Komplet Luisa zaprojektowany zosta\u0142 dla mi\u0142o\u015bniczek mody i letnich stylizacji. Dzi\u0119ki lekkiemu, lu\u017anemu fasonowi sp\u00f3dniczki doskonale prezentuje si\u0119 na wszystkich sylwetkach. Top bluzki w fasonie hiszpanki pi\u0119knie eksponuje ko\u015bci obojczyka i nadaje wyj\u0105tkowego wygl\u0105du. Zastosowany w pasie \u015bci\u0105gacz podkre\u015bla talie oraz idealnie dopasowuje si\u0119 do ka\u017cdego rozmiaru. \u00a0Komplet posiada podszewk\u0119 zwi\u0119kszaj\u0105c\u0105 komfort noszenia.<\/p>\n<p>Komplet stanowi\u0107 mo\u017ce baz\u0119 do stylizacji, zar\u00f3wno w wersji casualowej, jak i wieczorowej. Model na ka\u017cd\u0105 okazj\u0119, doskona\u0142y wyb\u00f3r zar\u00f3wno na co dzie\u0144, jak i na romantyczne wyj\u015bcie.\u00a0Zestawiony z butami na wysokim obcasie stworzy idealn\u0105 kreacj\u0119 na przyj\u0119cia, wesela czy te\u017c randk\u0119. Na co dzie\u0144 mo\u017cemy po\u0142\u0105czy\u0107 go ze sportowym obuwiem tworz\u0105c casualow\u0105 stylizacj\u0119.<\/p>\n<p>&nbsp;<\/p>\n","protected":false},"featured_media":2477,"comment_status":"closed","ping_status":"closed","template":"","meta":{"_monsterinsights_skip_tracking":false,"_monsterinsights_sitenote_active":false,"_monsterinsights_sitenote_note":"","_monsterinsights_sitenote_category":0},"product_cat":[111,109,211,110,113],"product_tag":[],"class_list":["post-2183","product","type-product","status-publish","has-post-thumbnail","hentry","product_cat-bestseller","product_cat-kategorie","product_cat-komplety","product_cat-nowosci","product_cat-odziez"],"_links":{"self":[{"href":"https:\/\/modamo.pl\/index.php\/wp-json\/wp\/v2\/product\/2183","targetHints":{"allow":["GET"]}}],"collection":[{"href":"https:\/\/modamo.pl\/index.php\/wp-json\/wp\/v2\/product"}],"about":[{"href":"https:\/\/modamo.pl\/index.php\/wp-json\/wp\/v2\/types\/product"}],"replies":[{"embeddable":true,"href":"https:\/\/modamo.pl\/index.php\/wp-json\/wp\/v2\/comments?post=2183"}],"wp:featuredmedia":[{"embeddable":true,"href":"https:\/\/modamo.pl\/index.php\/wp-json\/wp\/v2\/media\/2477"}],"wp:attachment":[{"href":"https:\/\/modamo.pl\/index.php\/wp-json\/wp\/v2\/media?parent=2183"}],"wp:term":[{"taxonomy":"product_cat","embeddable":true,"href":"https:\/\/modamo.pl\/index.php\/wp-json\/wp\/v2\/product_cat?post=2183"},{"taxonomy":"product_tag","embeddable":true,"href":"https:\/\/modamo.pl\/index.php\/wp-json\/wp\/v2\/product_tag?post=2183"}],"curies":[{"name":"wp","href":"https:\/\/api.w.org\/{rel}","templated":true}]}}