{"id":2173,"date":"2021-04-21T15:06:34","date_gmt":"2021-04-21T13:06:34","guid":{"rendered":"https:\/\/modamo.pl\/?post_type=product&#038;p=2173"},"modified":"2024-06-26T10:35:31","modified_gmt":"2024-06-26T08:35:31","slug":"kombinezon-len","status":"publish","type":"product","link":"https:\/\/modamo.pl\/index.php\/produkt\/kombinezon-len\/","title":{"rendered":"Kombinezon Len"},"content":{"rendered":"","protected":false},"excerpt":{"rendered":"<p>Model kombinezonu Len zosta\u0142 zaprojektowany dla mi\u0142o\u015bniczek mody. Wykonany z dodatkiem naturalnego, bardzo dobrego jako\u015bciowo lnu. Dzi\u0119ki uniwersalnemu fasonowi doskonale wygl\u0105da na wszystkich sylwetkach. Koszulowy dekolt nadaje wyj\u0105tkowego wygl\u0105du. Zastosowane w pasie \u015bci\u0105gniecie ozdobnym sznurkiem umo\u017cliwia idealne dopasowanie do talii. Kombinezon jest zapinany na ozdobne guziki oraz posiada klapy, atrapy kieszeni.\u00a0<\/p>\n<p>Model ten zosta\u0142 wykonany z wysokiej jako\u015bci wiskozy oraz lnu, kt\u00f3re zapewni\u0105 komfort oraz wygod\u0119 noszenia.\u00a0Kombinezon stanowi\u0107 mo\u017ce baz\u0119 do stylizacji, zar\u00f3wno w wersji casualowej, jak i wieczorowej. Model na ka\u017cd\u0105 okazj\u0119, doskona\u0142y wyb\u00f3r zar\u00f3wno na co dzie\u0144, jak i na romantyczne wyj\u015bcie.\u00a0Zestawiony z butami na wysokim obcasie stworzy idealn\u0105 kreacj\u0119 na przyj\u0119cia, wesela czy te\u017c randk\u0119. Na co dzie\u0144 mo\u017cemy po\u0142\u0105czy\u0107 go ze sportowym obuwiem tworz\u0105c casualow\u0105 stylizacj\u0119.<\/p>\n","protected":false},"featured_media":2233,"comment_status":"closed","ping_status":"closed","template":"","meta":{"_monsterinsights_skip_tracking":false,"_monsterinsights_sitenote_active":false,"_monsterinsights_sitenote_note":"","_monsterinsights_sitenote_category":0},"product_cat":[111,109,210,209,205,110,113],"product_tag":[],"class_list":["post-2173","product","type-product","status-publish","has-post-thumbnail","hentry","product_cat-bestseller","product_cat-kategorie","product_cat-kombinezony","product_cat-kombinezony-lniane","product_cat-len","product_cat-nowosci","product_cat-odziez"],"_links":{"self":[{"href":"https:\/\/modamo.pl\/index.php\/wp-json\/wp\/v2\/product\/2173","targetHints":{"allow":["GET"]}}],"collection":[{"href":"https:\/\/modamo.pl\/index.php\/wp-json\/wp\/v2\/product"}],"about":[{"href":"https:\/\/modamo.pl\/index.php\/wp-json\/wp\/v2\/types\/product"}],"replies":[{"embeddable":true,"href":"https:\/\/modamo.pl\/index.php\/wp-json\/wp\/v2\/comments?post=2173"}],"wp:featuredmedia":[{"embeddable":true,"href":"https:\/\/modamo.pl\/index.php\/wp-json\/wp\/v2\/media\/2233"}],"wp:attachment":[{"href":"https:\/\/modamo.pl\/index.php\/wp-json\/wp\/v2\/media?parent=2173"}],"wp:term":[{"taxonomy":"product_cat","embeddable":true,"href":"https:\/\/modamo.pl\/index.php\/wp-json\/wp\/v2\/product_cat?post=2173"},{"taxonomy":"product_tag","embeddable":true,"href":"https:\/\/modamo.pl\/index.php\/wp-json\/wp\/v2\/product_tag?post=2173"}],"curies":[{"name":"wp","href":"https:\/\/api.w.org\/{rel}","templated":true}]}}