{"id":2169,"date":"2021-04-21T14:50:28","date_gmt":"2021-04-21T12:50:28","guid":{"rendered":"https:\/\/modamo.pl\/?post_type=product&#038;p=2169"},"modified":"2021-05-05T22:36:55","modified_gmt":"2021-05-05T20:36:55","slug":"kombinezon-gabriella","status":"publish","type":"product","link":"https:\/\/modamo.pl\/index.php\/produkt\/kombinezon-gabriella\/","title":{"rendered":"Kombinezon Gabriella"},"content":{"rendered":"","protected":false},"excerpt":{"rendered":"<p>Model kombinezonu Gabriella zosta\u0142 wykonany dla mi\u0142o\u015bniczek mody. Dzi\u0119ki uniwersalnemu fasonowi doskonale wygl\u0105da na wszystkich sylwetkach. Wi\u0105zany dekolt nadaje dodatkowego uroku oraz umo\u017cliwia idealnie dopasowanie. Nogawki kombinezonu wyko\u0144czone s\u0105 lekk\u0105 falbank\u0105 dodaj\u0105c\u0105 ca\u0142ej stylizacji lekko\u015bci. W talii zosta\u0142a wszyta guma, aby uzyska\u0107 mocniejsze podkre\u015blenie talii.<\/p>\n<p>Model stanowi\u0107 mo\u017ce baz\u0119 do stylizacji, zar\u00f3wno w wersji casualowej, jak i wieczorowej. Model na ka\u017cd\u0105 okazj\u0119, doskona\u0142y wyb\u00f3r zar\u00f3wno na co dzie\u0144, jak i na romantyczne wyj\u015bcie.\u00a0Zestawiony z butami na wysokim obcasie stworzy idealn\u0105 kreacj\u0119 na przyj\u0119cia, wesela czy te\u017c randk\u0119. Na co dzie\u0144 mo\u017cemy po\u0142\u0105czy\u0107 go ze sportowym obuwiem tworz\u0105c casualow\u0105 stylizacj\u0119.<\/p>\n<p>&nbsp;<\/p>\n","protected":false},"featured_media":2490,"comment_status":"closed","ping_status":"closed","template":"","meta":{"_monsterinsights_skip_tracking":false,"_monsterinsights_sitenote_active":false,"_monsterinsights_sitenote_note":"","_monsterinsights_sitenote_category":0},"product_cat":[111,109,210,110,113],"product_tag":[],"class_list":["post-2169","product","type-product","status-publish","has-post-thumbnail","hentry","product_cat-bestseller","product_cat-kategorie","product_cat-kombinezony","product_cat-nowosci","product_cat-odziez"],"_links":{"self":[{"href":"https:\/\/modamo.pl\/index.php\/wp-json\/wp\/v2\/product\/2169","targetHints":{"allow":["GET"]}}],"collection":[{"href":"https:\/\/modamo.pl\/index.php\/wp-json\/wp\/v2\/product"}],"about":[{"href":"https:\/\/modamo.pl\/index.php\/wp-json\/wp\/v2\/types\/product"}],"replies":[{"embeddable":true,"href":"https:\/\/modamo.pl\/index.php\/wp-json\/wp\/v2\/comments?post=2169"}],"wp:featuredmedia":[{"embeddable":true,"href":"https:\/\/modamo.pl\/index.php\/wp-json\/wp\/v2\/media\/2490"}],"wp:attachment":[{"href":"https:\/\/modamo.pl\/index.php\/wp-json\/wp\/v2\/media?parent=2169"}],"wp:term":[{"taxonomy":"product_cat","embeddable":true,"href":"https:\/\/modamo.pl\/index.php\/wp-json\/wp\/v2\/product_cat?post=2169"},{"taxonomy":"product_tag","embeddable":true,"href":"https:\/\/modamo.pl\/index.php\/wp-json\/wp\/v2\/product_tag?post=2169"}],"curies":[{"name":"wp","href":"https:\/\/api.w.org\/{rel}","templated":true}]}}