{"id":2161,"date":"2021-04-21T10:52:26","date_gmt":"2021-04-21T08:52:26","guid":{"rendered":"https:\/\/modamo.pl\/?post_type=product&#038;p=2161"},"modified":"2021-05-05T22:37:34","modified_gmt":"2021-05-05T20:37:34","slug":"sukienka-vanilla-len","status":"publish","type":"product","link":"https:\/\/modamo.pl\/index.php\/produkt\/sukienka-vanilla-len\/","title":{"rendered":"Sukienka Vanilla Len"},"content":{"rendered":"","protected":false},"excerpt":{"rendered":"<p>Model Vanilla Len zosta\u0142 wykonany z bardzo dobrego gatunkowo Lnu. Sukienka pomimo naturalnego materia\u0142u nie gniecie si\u0119.\u00a0Zastosowany dekolt w liter\u0119 V, z przodu oraz z ty\u0142u sukienki, optycznie wysmukla sylwetk\u0119. Dzi\u0119ki uniwersalnemu rozmiarowi oraz \u015bci\u0105gaczowi w talii dopasuje si\u0119 do wszystkich figur. Wyko\u0144czona pi\u0119kn\u0105 koronk\u0105 podkre\u015bla dziewcz\u0119cy urok sukienki oraz jej wysok\u0105 jako\u015b\u0107. Zapinana na ozdobne guziki. R\u0119kawy oraz d\u00f3\u0142 sukienki zako\u0144czone zosta\u0142y podw\u00f3jn\u0105 falban\u0105 dodaj\u0105c lekko\u015bci.\u00a0<\/p>\n<p>Zestawiona z butami na wysokim obcasie stworzy idealn\u0105 kreacj\u0119 na przyj\u0119cia, wesela czy te\u017c randk\u0119. Na co dzie\u0144 mo\u017cemy po\u0142\u0105czy\u0107 j\u0105 ze sportowym obuwiem tworz\u0105c casualow\u0105 stylizacj\u0119.\u00a0<\/p>\n","protected":false},"featured_media":2497,"comment_status":"closed","ping_status":"closed","template":"","meta":{"_monsterinsights_skip_tracking":false,"_monsterinsights_sitenote_active":false,"_monsterinsights_sitenote_note":"","_monsterinsights_sitenote_category":0},"product_cat":[111,109,205,110,113,136,142,206,139,138,144,137],"product_tag":[],"class_list":["post-2161","product","type-product","status-publish","has-post-thumbnail","hentry","product_cat-bestseller","product_cat-kategorie","product_cat-len","product_cat-nowosci","product_cat-odziez","product_cat-sukienki","product_cat-sukienki-koktajlowe","product_cat-sukienki-lniane","product_cat-sukienki-mini","product_cat-sukienki-na-co-dzien","product_cat-sukienki-na-impreze","product_cat-sukienki-na-lato"],"_links":{"self":[{"href":"https:\/\/modamo.pl\/index.php\/wp-json\/wp\/v2\/product\/2161","targetHints":{"allow":["GET"]}}],"collection":[{"href":"https:\/\/modamo.pl\/index.php\/wp-json\/wp\/v2\/product"}],"about":[{"href":"https:\/\/modamo.pl\/index.php\/wp-json\/wp\/v2\/types\/product"}],"replies":[{"embeddable":true,"href":"https:\/\/modamo.pl\/index.php\/wp-json\/wp\/v2\/comments?post=2161"}],"wp:featuredmedia":[{"embeddable":true,"href":"https:\/\/modamo.pl\/index.php\/wp-json\/wp\/v2\/media\/2497"}],"wp:attachment":[{"href":"https:\/\/modamo.pl\/index.php\/wp-json\/wp\/v2\/media?parent=2161"}],"wp:term":[{"taxonomy":"product_cat","embeddable":true,"href":"https:\/\/modamo.pl\/index.php\/wp-json\/wp\/v2\/product_cat?post=2161"},{"taxonomy":"product_tag","embeddable":true,"href":"https:\/\/modamo.pl\/index.php\/wp-json\/wp\/v2\/product_tag?post=2161"}],"curies":[{"name":"wp","href":"https:\/\/api.w.org\/{rel}","templated":true}]}}