{"id":2154,"date":"2021-04-21T10:23:45","date_gmt":"2021-04-21T08:23:45","guid":{"rendered":"https:\/\/modamo.pl\/?post_type=product&#038;p=2154"},"modified":"2021-05-06T00:11:56","modified_gmt":"2021-05-05T22:11:56","slug":"sukienka-sawanna-green","status":"publish","type":"product","link":"https:\/\/modamo.pl\/index.php\/produkt\/sukienka-sawanna-green\/","title":{"rendered":"Sukienka Sawanna Green"},"content":{"rendered":"","protected":false},"excerpt":{"rendered":"<p>Model Sawanna z mo\u017cliwo\u015bci\u0105 za\u0142o\u017cenia jej jak hiszpanki to must have ostatnich sezon\u00f3w. Sukienka posiada fason idealnie pasuj\u0105cy do ka\u017cdej sylwetki. Dzi\u0119ki uniwersalnemu rozmiarowi oraz \u015bci\u0105gaczowi w g\u00f3rnej partii cia\u0142a dopasuje si\u0119 do wszystkich figur, jednocze\u015bnie wysmuklaj\u0105c cia\u0142o.\u00a0R\u0119kawy oraz dekolt zako\u0144czone falban\u0105 nadaj\u0105 dziewcz\u0119cego charakteru. Rozci\u0119cie w sukience podkre\u015bla lekko\u015b\u0107 i romatyczno\u015b\u0107 modelu.<\/p>\n<p>Sukienka mo\u017ce by\u0107 noszona z r\u0119kawami na ramionach lub opuszczonymi tworz\u0105c hiszpank\u0119, kt\u00f3ra doskonale podkre\u015bla kobieco\u015b\u0107 i urok.\u00a0Model zosta\u0142 wykonany z wiskozy, dzi\u0119ki czemu bardzo dobrze si\u0119 prezentuje oraz zapewnia niezwyk\u0142y komfort noszenia.\u00a0Zestawiona z butami na wysokim obcasie stworzy idealn\u0105 kreacj\u0119 na przyj\u0119cia, wesela czy te\u017c randk\u0119. Na co dzie\u0144 mo\u017cemy po\u0142\u0105czy\u0107 j\u0105 ze sportowym obuwiem tworz\u0105c casualow\u0105 stylizacj\u0119.\u00a0<\/p>\n<p>&nbsp;<\/p>\n","protected":false},"featured_media":2448,"comment_status":"closed","ping_status":"closed","template":"","meta":{"_monsterinsights_skip_tracking":false,"_monsterinsights_sitenote_active":false,"_monsterinsights_sitenote_note":"","_monsterinsights_sitenote_category":0},"product_cat":[111,109,110,113,136,142,141,140,138,144,137],"product_tag":[],"class_list":["post-2154","product","type-product","status-publish","has-post-thumbnail","hentry","product_cat-bestseller","product_cat-kategorie","product_cat-nowosci","product_cat-odziez","product_cat-sukienki","product_cat-sukienki-koktajlowe","product_cat-sukienki-maxi","product_cat-sukienki-midi","product_cat-sukienki-na-co-dzien","product_cat-sukienki-na-impreze","product_cat-sukienki-na-lato"],"_links":{"self":[{"href":"https:\/\/modamo.pl\/index.php\/wp-json\/wp\/v2\/product\/2154","targetHints":{"allow":["GET"]}}],"collection":[{"href":"https:\/\/modamo.pl\/index.php\/wp-json\/wp\/v2\/product"}],"about":[{"href":"https:\/\/modamo.pl\/index.php\/wp-json\/wp\/v2\/types\/product"}],"replies":[{"embeddable":true,"href":"https:\/\/modamo.pl\/index.php\/wp-json\/wp\/v2\/comments?post=2154"}],"wp:featuredmedia":[{"embeddable":true,"href":"https:\/\/modamo.pl\/index.php\/wp-json\/wp\/v2\/media\/2448"}],"wp:attachment":[{"href":"https:\/\/modamo.pl\/index.php\/wp-json\/wp\/v2\/media?parent=2154"}],"wp:term":[{"taxonomy":"product_cat","embeddable":true,"href":"https:\/\/modamo.pl\/index.php\/wp-json\/wp\/v2\/product_cat?post=2154"},{"taxonomy":"product_tag","embeddable":true,"href":"https:\/\/modamo.pl\/index.php\/wp-json\/wp\/v2\/product_tag?post=2154"}],"curies":[{"name":"wp","href":"https:\/\/api.w.org\/{rel}","templated":true}]}}