{"id":2144,"date":"2021-04-20T23:33:20","date_gmt":"2021-04-20T21:33:20","guid":{"rendered":"https:\/\/modamo.pl\/?post_type=product&#038;p=2144"},"modified":"2021-05-05T22:38:44","modified_gmt":"2021-05-05T20:38:44","slug":"sukienka-paris","status":"publish","type":"product","link":"https:\/\/modamo.pl\/index.php\/produkt\/sukienka-paris\/","title":{"rendered":"Sukienka Paris"},"content":{"rendered":"","protected":false},"excerpt":{"rendered":"<p>Paris to niezwykle kobiecy, romantyczny model. Sukienka z kr\u00f3tkim r\u0119kawem z mo\u017cliwo\u015bci\u0105 za\u0142o\u017cenia jej jak hiszpanki to must have ostatnich sezon\u00f3w. Model o niesamowitym kroju, kt\u00f3ry doskonale podkre\u015bli kobieco\u015b\u0107 i urok, jednocze\u015bnie wysmuklaj\u0105c sylwetk\u0119. R\u0119kawy zako\u0144czone falban\u0105 nadaj\u0105 dziewcz\u0119cego charakteru. Sukienka zapinana z ty\u0142u na ukryty zamek. Prosty d\u00f3\u0142 podkre\u015bla wyj\u0105tkowo\u015b\u0107 i romatyczno\u015b\u0107 modelu.<\/p>\n<p>Model zosta\u0142 wykonany z bardzo dobrej jako\u015bci mi\u0119kkiego materia\u0142u, dzi\u0119ki czemu nie tylko bardzo dobrze si\u0119 prezentuje a zapewnia\u00a0r\u00f3wnie\u017c niezwyk\u0142y komfort noszenia.\u00a0Zestawiona z butami na wysokim obcasie stworzy idealn\u0105 kreacj\u0119 na przyj\u0119cia, wesela czy te\u017c randk\u0119. Na co dzie\u0144 mo\u017cemy po\u0142\u0105czy\u0107 j\u0105 ze sportowym obuwiem tworz\u0105c casualow\u0105 stylizacj\u0119.\u00a0Model Paris tworzy wyj\u0105tkowo efektowne i kobiece po\u0142\u0105czenia.\u00a0<\/p>\n","protected":false},"featured_media":2470,"comment_status":"closed","ping_status":"closed","template":"","meta":{"_monsterinsights_skip_tracking":false,"_monsterinsights_sitenote_active":false,"_monsterinsights_sitenote_note":"","_monsterinsights_sitenote_category":0},"product_cat":[111,109,110,113,136,142,140,138,144,137],"product_tag":[],"class_list":["post-2144","product","type-product","status-publish","has-post-thumbnail","hentry","product_cat-bestseller","product_cat-kategorie","product_cat-nowosci","product_cat-odziez","product_cat-sukienki","product_cat-sukienki-koktajlowe","product_cat-sukienki-midi","product_cat-sukienki-na-co-dzien","product_cat-sukienki-na-impreze","product_cat-sukienki-na-lato"],"_links":{"self":[{"href":"https:\/\/modamo.pl\/index.php\/wp-json\/wp\/v2\/product\/2144","targetHints":{"allow":["GET"]}}],"collection":[{"href":"https:\/\/modamo.pl\/index.php\/wp-json\/wp\/v2\/product"}],"about":[{"href":"https:\/\/modamo.pl\/index.php\/wp-json\/wp\/v2\/types\/product"}],"replies":[{"embeddable":true,"href":"https:\/\/modamo.pl\/index.php\/wp-json\/wp\/v2\/comments?post=2144"}],"wp:featuredmedia":[{"embeddable":true,"href":"https:\/\/modamo.pl\/index.php\/wp-json\/wp\/v2\/media\/2470"}],"wp:attachment":[{"href":"https:\/\/modamo.pl\/index.php\/wp-json\/wp\/v2\/media?parent=2144"}],"wp:term":[{"taxonomy":"product_cat","embeddable":true,"href":"https:\/\/modamo.pl\/index.php\/wp-json\/wp\/v2\/product_cat?post=2144"},{"taxonomy":"product_tag","embeddable":true,"href":"https:\/\/modamo.pl\/index.php\/wp-json\/wp\/v2\/product_tag?post=2144"}],"curies":[{"name":"wp","href":"https:\/\/api.w.org\/{rel}","templated":true}]}}