{"id":2139,"date":"2021-04-20T23:12:02","date_gmt":"2021-04-20T21:12:02","guid":{"rendered":"https:\/\/modamo.pl\/?post_type=product&#038;p=2139"},"modified":"2021-05-05T22:38:58","modified_gmt":"2021-05-05T20:38:58","slug":"sukienka-charlotte","status":"publish","type":"product","link":"https:\/\/modamo.pl\/index.php\/produkt\/sukienka-charlotte\/","title":{"rendered":"Sukienka Charlotte"},"content":{"rendered":"","protected":false},"excerpt":{"rendered":"<p>Model Charlotte zosta\u0142 wykonany z bardzo dobrej jako\u015bci satyny, dzi\u0119ki czemu nie tylko bardzo dobrze si\u0119 prezentuje a zapewnia\u00a0r\u00f3wnie\u017c\u00a0komfort noszenia. Ultrakobieca sukienka w kwiatowym wzorze to hit ostatnich sezon\u00f3w. Model o niesamowitym kroju, kt\u00f3ry doskonale eksponuj\u0119 dekolt, jednocze\u015bnie wysmuklaj\u0105c sylwetk\u0119. Kr\u00f3tkie r\u0119kawy, zako\u0144czone podw\u00f3jn\u0105 falban\u0105 nadaj\u0105 dziewcz\u0119cego charakteru. Sukienka posiada \u015bci\u0105ganie w talii, dzi\u0119ki czemu mo\u017cliwe jest jej idealnie dopasowanie do ka\u017cdej figury. Lekko rozkloszowany d\u00f3\u0142 podkre\u015bla wyj\u0105tkowo\u015b\u0107 modelu.<\/p>\n<p>Zestawiona z butami na wysokim obcasie stworzy idealn\u0105 kreacj\u0119 na przyj\u0119cia, wesela czy te\u017c randk\u0119. Na co dzie\u0144 mo\u017cemy po\u0142\u0105czy\u0107 j\u0105 z bia\u0142ymi trampkami tworz\u0105c casualow\u0105 stylizacj\u0119.\u00a0Sukienka ta jest wyj\u0105tkowo efektowna i kobieca.\u00a0<\/p>\n","protected":false},"featured_media":2248,"comment_status":"closed","ping_status":"closed","template":"","meta":{"_monsterinsights_skip_tracking":false,"_monsterinsights_sitenote_active":false,"_monsterinsights_sitenote_note":"","_monsterinsights_sitenote_category":0},"product_cat":[111,109,110,113,136,142,139,138,144,137],"product_tag":[],"class_list":["post-2139","product","type-product","status-publish","has-post-thumbnail","hentry","product_cat-bestseller","product_cat-kategorie","product_cat-nowosci","product_cat-odziez","product_cat-sukienki","product_cat-sukienki-koktajlowe","product_cat-sukienki-mini","product_cat-sukienki-na-co-dzien","product_cat-sukienki-na-impreze","product_cat-sukienki-na-lato"],"_links":{"self":[{"href":"https:\/\/modamo.pl\/index.php\/wp-json\/wp\/v2\/product\/2139","targetHints":{"allow":["GET"]}}],"collection":[{"href":"https:\/\/modamo.pl\/index.php\/wp-json\/wp\/v2\/product"}],"about":[{"href":"https:\/\/modamo.pl\/index.php\/wp-json\/wp\/v2\/types\/product"}],"replies":[{"embeddable":true,"href":"https:\/\/modamo.pl\/index.php\/wp-json\/wp\/v2\/comments?post=2139"}],"wp:featuredmedia":[{"embeddable":true,"href":"https:\/\/modamo.pl\/index.php\/wp-json\/wp\/v2\/media\/2248"}],"wp:attachment":[{"href":"https:\/\/modamo.pl\/index.php\/wp-json\/wp\/v2\/media?parent=2139"}],"wp:term":[{"taxonomy":"product_cat","embeddable":true,"href":"https:\/\/modamo.pl\/index.php\/wp-json\/wp\/v2\/product_cat?post=2139"},{"taxonomy":"product_tag","embeddable":true,"href":"https:\/\/modamo.pl\/index.php\/wp-json\/wp\/v2\/product_tag?post=2139"}],"curies":[{"name":"wp","href":"https:\/\/api.w.org\/{rel}","templated":true}]}}