{"id":2134,"date":"2021-04-20T22:45:06","date_gmt":"2021-04-20T20:45:06","guid":{"rendered":"https:\/\/modamo.pl\/?post_type=product&#038;p=2134"},"modified":"2021-05-05T22:39:09","modified_gmt":"2021-05-05T20:39:09","slug":"sukienka-clara","status":"publish","type":"product","link":"https:\/\/modamo.pl\/index.php\/produkt\/sukienka-clara\/","title":{"rendered":"Sukienka Clara"},"content":{"rendered":"","protected":false},"excerpt":{"rendered":"<p>Zawi\u0105zywana sukienka Clara to must have kobiecego looku. Model niepowtarzalnie dziewcz\u0119cy i uroczy. Jej charakterystyczny lekki wygl\u0105d b\u0119dzie idealny na ka\u017cdy letni dzie\u0144.\u00a0Kopertowy dekolt w liter\u0119 V doskonale wysmukla sylwetk\u0119 oraz eksponuje g\u00f3rn\u0105 parti\u0119 cia\u0142a. Posiada podszewk\u0119 w ca\u0142ej dolnej cz\u0119\u015bci sukienki oraz na przodzie w g\u00f3rnej partii cia\u0142a, daj\u0105c du\u017cy komfort u\u017cytkowania. Clara dodatkowo dobrze zamaskuje drobne niedoskona\u0142o\u015bci sylwetki. Zastosowana w tym modelu ozdobna falbana podkre\u015bli lekki, dziewcz\u0119cy charakter sukienki oraz optycznie wysmukli ca\u0142\u0105 figur\u0119.<\/p>\n<p>Zestawiona z butami na wysokim obcasie stworzy idealn\u0105 kreacj\u0119 na przyj\u0119cia, wesela czy te\u017c randk\u0119. Na co dzie\u0144 mo\u017cemy po\u0142\u0105czy\u0107 j\u0105 z bia\u0142ymi trampkami tworz\u0105c casualow\u0105 stylizacj\u0119.\u00a0Sukienka ta jest wyj\u0105tkowo efektowna i kobieca.\u00a0<\/p>\n","protected":false},"featured_media":2440,"comment_status":"closed","ping_status":"closed","template":"","meta":{"_monsterinsights_skip_tracking":false,"_monsterinsights_sitenote_active":false,"_monsterinsights_sitenote_note":"","_monsterinsights_sitenote_category":0},"product_cat":[111,109,110,113,136,142,139,138,144,137],"product_tag":[],"class_list":["post-2134","product","type-product","status-publish","has-post-thumbnail","hentry","product_cat-bestseller","product_cat-kategorie","product_cat-nowosci","product_cat-odziez","product_cat-sukienki","product_cat-sukienki-koktajlowe","product_cat-sukienki-mini","product_cat-sukienki-na-co-dzien","product_cat-sukienki-na-impreze","product_cat-sukienki-na-lato"],"_links":{"self":[{"href":"https:\/\/modamo.pl\/index.php\/wp-json\/wp\/v2\/product\/2134","targetHints":{"allow":["GET"]}}],"collection":[{"href":"https:\/\/modamo.pl\/index.php\/wp-json\/wp\/v2\/product"}],"about":[{"href":"https:\/\/modamo.pl\/index.php\/wp-json\/wp\/v2\/types\/product"}],"replies":[{"embeddable":true,"href":"https:\/\/modamo.pl\/index.php\/wp-json\/wp\/v2\/comments?post=2134"}],"wp:featuredmedia":[{"embeddable":true,"href":"https:\/\/modamo.pl\/index.php\/wp-json\/wp\/v2\/media\/2440"}],"wp:attachment":[{"href":"https:\/\/modamo.pl\/index.php\/wp-json\/wp\/v2\/media?parent=2134"}],"wp:term":[{"taxonomy":"product_cat","embeddable":true,"href":"https:\/\/modamo.pl\/index.php\/wp-json\/wp\/v2\/product_cat?post=2134"},{"taxonomy":"product_tag","embeddable":true,"href":"https:\/\/modamo.pl\/index.php\/wp-json\/wp\/v2\/product_tag?post=2134"}],"curies":[{"name":"wp","href":"https:\/\/api.w.org\/{rel}","templated":true}]}}