{"id":2129,"date":"2021-04-20T22:10:09","date_gmt":"2021-04-20T20:10:09","guid":{"rendered":"https:\/\/modamo.pl\/?post_type=product&#038;p=2129"},"modified":"2021-05-05T18:06:24","modified_gmt":"2021-05-05T16:06:24","slug":"sukienka-semi","status":"publish","type":"product","link":"https:\/\/modamo.pl\/index.php\/produkt\/sukienka-semi\/","title":{"rendered":"Sukienka Semi"},"content":{"rendered":"","protected":false},"excerpt":{"rendered":"<p>Sukienka Semi wykonana z przyjemnego materia\u0142u z wiskoz\u0105 idealnie sprawdzi si\u0119 w ka\u017cdej letniej stylizacji.\u00a0Kopertowy dekolt w liter\u0119 V doskonale wysmukla sylwetk\u0119 oraz eksponuje g\u00f3rn\u0105 parti\u0119 cia\u0142a. Model o lu\u017anym kroju pasuje na ka\u017cd\u0105 figur\u0119 i dobrze tuszuje drobne niedoskona\u0142o\u015bci sylwetki. Zastosowana w tym modelu gumka w talii fantastycznie podkre\u015bla figur\u0119. Do sukienki do\u0142\u0105czony jest ozdobny pasek z tego samego materia\u0142u, dzi\u0119ki kt\u00f3remu dopasujesz idealnie sukienk\u0119 do siebie i dodasz jej kobiecego uroku. Sukienka posiada na dole ozdobn\u0105 falban\u0119, podkre\u015blaj\u0105c\u0105 dziewcz\u0119cy charakter i optycznie wysmuklaj\u0105c ca\u0142\u0105 figur\u0119.<\/p>\n<p>Model idealny do but\u00f3w na wysokim obcasie na przyj\u0119cia, wesela czy te\u017c randk\u0119. Odnajdzie si\u0119 fantastycznie zar\u00f3wno w stylizacjach formalnych, jak i casualowych zestawionych z trampkami, kapeluszem i jeasnow\u0105 kurtk\u0105. Sukienka niezwykle efektowna i kobieca. Zapewnia komfort oraz wygod\u0119 noszenia przez ca\u0142y dzie\u0144.\u00a0Rozkloszowany d\u00f3\u0142 dodaje lekko\u015bci oraz dziewcz\u0119cego uroku.<\/p>\n","protected":false},"featured_media":2453,"comment_status":"closed","ping_status":"closed","template":"","meta":{"_monsterinsights_skip_tracking":false,"_monsterinsights_sitenote_active":false,"_monsterinsights_sitenote_note":"","_monsterinsights_sitenote_category":0},"product_cat":[111,109,110,113,136,142,139,138,144,137],"product_tag":[],"class_list":["post-2129","product","type-product","status-publish","has-post-thumbnail","hentry","product_cat-bestseller","product_cat-kategorie","product_cat-nowosci","product_cat-odziez","product_cat-sukienki","product_cat-sukienki-koktajlowe","product_cat-sukienki-mini","product_cat-sukienki-na-co-dzien","product_cat-sukienki-na-impreze","product_cat-sukienki-na-lato"],"_links":{"self":[{"href":"https:\/\/modamo.pl\/index.php\/wp-json\/wp\/v2\/product\/2129","targetHints":{"allow":["GET"]}}],"collection":[{"href":"https:\/\/modamo.pl\/index.php\/wp-json\/wp\/v2\/product"}],"about":[{"href":"https:\/\/modamo.pl\/index.php\/wp-json\/wp\/v2\/types\/product"}],"replies":[{"embeddable":true,"href":"https:\/\/modamo.pl\/index.php\/wp-json\/wp\/v2\/comments?post=2129"}],"wp:featuredmedia":[{"embeddable":true,"href":"https:\/\/modamo.pl\/index.php\/wp-json\/wp\/v2\/media\/2453"}],"wp:attachment":[{"href":"https:\/\/modamo.pl\/index.php\/wp-json\/wp\/v2\/media?parent=2129"}],"wp:term":[{"taxonomy":"product_cat","embeddable":true,"href":"https:\/\/modamo.pl\/index.php\/wp-json\/wp\/v2\/product_cat?post=2129"},{"taxonomy":"product_tag","embeddable":true,"href":"https:\/\/modamo.pl\/index.php\/wp-json\/wp\/v2\/product_tag?post=2129"}],"curies":[{"name":"wp","href":"https:\/\/api.w.org\/{rel}","templated":true}]}}