{"id":2120,"date":"2021-04-20T18:06:45","date_gmt":"2021-04-20T16:06:45","guid":{"rendered":"https:\/\/modamo.pl\/?post_type=product&#038;p=2120"},"modified":"2021-07-11T22:57:34","modified_gmt":"2021-07-11T20:57:34","slug":"sukienka-adel","status":"publish","type":"product","link":"https:\/\/modamo.pl\/index.php\/produkt\/sukienka-adel\/","title":{"rendered":"Sukienka Adel"},"content":{"rendered":"","protected":false},"excerpt":{"rendered":"<p>Bardzo zmys\u0142owa, dziewcz\u0119ca sukienka Adel zosta\u0142a wykonana z pi\u0119knego kwiecistego printu z przyjemniej w dotyku wiskozy. Model z dekoltem w liter\u0119 V wysmukla sylwetk\u0119.\u00a0R\u0119kawy do \u0142okcia nadaj\u0105 dziewcz\u0119cego charakteru, dodatkowo wyko\u0144czone zosta\u0142y delikatn\u0105 gumk\u0105, kt\u00f3ra u\u0142atwia stylizowanie. Sukienka dopasowana w talii poprzez zastosowanie delikatnego \u015bci\u0105gacza.\u00a0D\u0142ugi d\u00f3\u0142 sukienki oraz rozci\u0119cie podkre\u015blaj\u0105 elegancki i zmys\u0142owy charakter modelu. Wyci\u0119te plecy z wi\u0105zaniem nadaj\u0105 wyj\u0105tkowego charaktery ca\u0142ej stylizacji.<\/p>\n<p>Sukienka Adel zapewnia komfort oraz wygod\u0119 noszenia dzi\u0119ki\u00a0zastosowaniu wysokiej jako\u015bci wiskozy.\u00a0Idealna sukienka na ka\u017cd\u0105 okazj\u0119. Stanowi baz\u0119 do casulowego looku zestawionego ze sportowym obuwiem jak r\u00f3wnie\u017c eleganck\u0105 stylizacj\u0119 na romantyczne wyj\u015bcie.<\/p>\n","protected":false},"featured_media":2263,"comment_status":"closed","ping_status":"closed","template":"","meta":{"_monsterinsights_skip_tracking":false,"_monsterinsights_sitenote_active":false,"_monsterinsights_sitenote_note":"","_monsterinsights_sitenote_category":0},"product_cat":[111,109,110,113,136,142,141,140,138,144,137,143],"product_tag":[],"class_list":["post-2120","product","type-product","status-publish","has-post-thumbnail","hentry","product_cat-bestseller","product_cat-kategorie","product_cat-nowosci","product_cat-odziez","product_cat-sukienki","product_cat-sukienki-koktajlowe","product_cat-sukienki-maxi","product_cat-sukienki-midi","product_cat-sukienki-na-co-dzien","product_cat-sukienki-na-impreze","product_cat-sukienki-na-lato","product_cat-sukienki-na-ramiaczkach"],"_links":{"self":[{"href":"https:\/\/modamo.pl\/index.php\/wp-json\/wp\/v2\/product\/2120","targetHints":{"allow":["GET"]}}],"collection":[{"href":"https:\/\/modamo.pl\/index.php\/wp-json\/wp\/v2\/product"}],"about":[{"href":"https:\/\/modamo.pl\/index.php\/wp-json\/wp\/v2\/types\/product"}],"replies":[{"embeddable":true,"href":"https:\/\/modamo.pl\/index.php\/wp-json\/wp\/v2\/comments?post=2120"}],"wp:featuredmedia":[{"embeddable":true,"href":"https:\/\/modamo.pl\/index.php\/wp-json\/wp\/v2\/media\/2263"}],"wp:attachment":[{"href":"https:\/\/modamo.pl\/index.php\/wp-json\/wp\/v2\/media?parent=2120"}],"wp:term":[{"taxonomy":"product_cat","embeddable":true,"href":"https:\/\/modamo.pl\/index.php\/wp-json\/wp\/v2\/product_cat?post=2120"},{"taxonomy":"product_tag","embeddable":true,"href":"https:\/\/modamo.pl\/index.php\/wp-json\/wp\/v2\/product_tag?post=2120"}],"curies":[{"name":"wp","href":"https:\/\/api.w.org\/{rel}","templated":true}]}}