{"id":2118,"date":"2021-04-20T17:37:06","date_gmt":"2021-04-20T15:37:06","guid":{"rendered":"https:\/\/modamo.pl\/?post_type=product&#038;p=2118"},"modified":"2021-05-06T00:07:45","modified_gmt":"2021-05-05T22:07:45","slug":"sukienka-moon-violet","status":"publish","type":"product","link":"https:\/\/modamo.pl\/index.php\/produkt\/sukienka-moon-violet\/","title":{"rendered":"Sukienka Moon Violet"},"content":{"rendered":"","protected":false},"excerpt":{"rendered":"<p>Bardzo kobieca, zmys\u0142owa sukienka Moon zosta\u0142a wykonana z wiskozy z printem w drobne kwiaty. Model z dekoltem w liter\u0119 V doskonale eksponuje biust jednocze\u015bnie wysmuklaj\u0105c sylwetk\u0119. D\u0142ugie, lu\u017ane r\u0119kawy nadaj\u0105 dziewcz\u0119cego charakteru oraz wakacyjnego looku. Sukienka w talii zosta\u0142a wyko\u0144czona \u015bci\u0105gaczem,\u00a0kt\u00f3ry u\u0142atwia stylizowanie. \u00a0D\u0142ugi d\u00f3\u0142 sukienki oraz rozci\u0119cie podkre\u015blaj\u0105 elegancki i zmys\u0142owy charakter modelu.<\/p>\n<p>Sukienka Moon\u00a0zosta\u0142a wykonana z wysokiej jako\u015bci wiskozy, kt\u00f3ra zapewnia komfort oraz wygod\u0119 noszenia. Materia\u0142 w wspania\u0142y, drobny, kwiecisty wz\u00f3r \u015bwietnie sprawdzi si\u0119 w wiosenno-letnim sezonie.\u00a0Idealna sukienka na ka\u017cd\u0105 okazj\u0119. Doskona\u0142y wyb\u00f3r zar\u00f3wno na co dzie\u0144, jak i na wa\u017cne wyj\u015bcie. Idealna na randk\u0119 oraz wa\u017cn\u0105 ceremoni\u0119. Sukienka niezwykle efektowna i kobieca. Zestawiona ze szpilkami, uzyska elegancki wygl\u0105d. Mo\u017cemy osi\u0105gn\u0105\u0107 r\u00f3wnie\u017c wersj\u0119 casualow\u0105 stylizacji. Stylizacja dobrana z trampkami, kapeluszem i jeasnow\u0105 kurtk\u0105, nabierze codziennego looku.<\/p>\n","protected":false},"featured_media":2256,"comment_status":"closed","ping_status":"closed","template":"","meta":{"_monsterinsights_skip_tracking":false,"_monsterinsights_sitenote_active":false,"_monsterinsights_sitenote_note":"","_monsterinsights_sitenote_category":0},"product_cat":[111,109,110,113,136,142,141,140,138,144,137,143],"product_tag":[],"class_list":["post-2118","product","type-product","status-publish","has-post-thumbnail","hentry","product_cat-bestseller","product_cat-kategorie","product_cat-nowosci","product_cat-odziez","product_cat-sukienki","product_cat-sukienki-koktajlowe","product_cat-sukienki-maxi","product_cat-sukienki-midi","product_cat-sukienki-na-co-dzien","product_cat-sukienki-na-impreze","product_cat-sukienki-na-lato","product_cat-sukienki-na-ramiaczkach"],"_links":{"self":[{"href":"https:\/\/modamo.pl\/index.php\/wp-json\/wp\/v2\/product\/2118","targetHints":{"allow":["GET"]}}],"collection":[{"href":"https:\/\/modamo.pl\/index.php\/wp-json\/wp\/v2\/product"}],"about":[{"href":"https:\/\/modamo.pl\/index.php\/wp-json\/wp\/v2\/types\/product"}],"replies":[{"embeddable":true,"href":"https:\/\/modamo.pl\/index.php\/wp-json\/wp\/v2\/comments?post=2118"}],"wp:featuredmedia":[{"embeddable":true,"href":"https:\/\/modamo.pl\/index.php\/wp-json\/wp\/v2\/media\/2256"}],"wp:attachment":[{"href":"https:\/\/modamo.pl\/index.php\/wp-json\/wp\/v2\/media?parent=2118"}],"wp:term":[{"taxonomy":"product_cat","embeddable":true,"href":"https:\/\/modamo.pl\/index.php\/wp-json\/wp\/v2\/product_cat?post=2118"},{"taxonomy":"product_tag","embeddable":true,"href":"https:\/\/modamo.pl\/index.php\/wp-json\/wp\/v2\/product_tag?post=2118"}],"curies":[{"name":"wp","href":"https:\/\/api.w.org\/{rel}","templated":true}]}}