{"id":2104,"date":"2021-04-20T16:28:08","date_gmt":"2021-04-20T14:28:08","guid":{"rendered":"https:\/\/modamo.pl\/?post_type=product&#038;p=2104"},"modified":"2022-03-03T12:47:38","modified_gmt":"2022-03-03T11:47:38","slug":"sukienka-mooya-pastel","status":"publish","type":"product","link":"https:\/\/modamo.pl\/index.php\/produkt\/sukienka-mooya-pastel\/","title":{"rendered":"Sukienka Mooya Pastel"},"content":{"rendered":"","protected":false},"excerpt":{"rendered":"<p>Sukienka Mooya to niezwykle uroczy model stworzony dla wielbicielek romantycznego stylu.\u00a0Sukienka zosta\u0142a wykonana z materia\u0142u w wspania\u0142y, kwiecisty wz\u00f3r, kt\u00f3ry \u015bwietnie sprawdzi si\u0119 w wiosenno-letnim sezonie. Dekolt w liter\u0119 V nie tylko doda uroku, ale r\u00f3wnie\u017c optycznie wyszczupli sylwetk\u0119 oraz pi\u0119knie podkre\u015bli biust. Sukienka o takim fasonie optycznie wysmukla i wyd\u0142u\u017ca nogi.\u00a0Wi\u0105zanie w talii fantastycznie dodatkowo podkre\u015bli figur\u0119.\u00a0Sukienka wykonana z bardzo przyjemnego materia\u0142u zapewni komfort oraz wygod\u0119 noszenia.\u00a0<\/p>\n<p>Delikatna falbana na dole sukienki dodaje jej lekko\u015bci oraz dziewcz\u0119cego uroku.\u00a0Modna sukienka na ka\u017cd\u0105 okazj\u0119, doskona\u0142y wyb\u00f3r zar\u00f3wno na co dzie\u0144, jak i na wa\u017cne wyj\u015bcie. Idealna na randk\u0119 oraz wa\u017cn\u0105 ceremoni\u0119. Sukienka niezwykle efektowna i kobieca.<\/p>\n<p>&nbsp;<\/p>\n","protected":false},"featured_media":2482,"comment_status":"closed","ping_status":"closed","template":"","meta":{"_monsterinsights_skip_tracking":false,"_monsterinsights_sitenote_active":false,"_monsterinsights_sitenote_note":"","_monsterinsights_sitenote_category":0},"product_cat":[111,109,110,113,136,142,141,140,138,144,137,143],"product_tag":[],"class_list":["post-2104","product","type-product","status-publish","has-post-thumbnail","hentry","product_cat-bestseller","product_cat-kategorie","product_cat-nowosci","product_cat-odziez","product_cat-sukienki","product_cat-sukienki-koktajlowe","product_cat-sukienki-maxi","product_cat-sukienki-midi","product_cat-sukienki-na-co-dzien","product_cat-sukienki-na-impreze","product_cat-sukienki-na-lato","product_cat-sukienki-na-ramiaczkach"],"_links":{"self":[{"href":"https:\/\/modamo.pl\/index.php\/wp-json\/wp\/v2\/product\/2104","targetHints":{"allow":["GET"]}}],"collection":[{"href":"https:\/\/modamo.pl\/index.php\/wp-json\/wp\/v2\/product"}],"about":[{"href":"https:\/\/modamo.pl\/index.php\/wp-json\/wp\/v2\/types\/product"}],"replies":[{"embeddable":true,"href":"https:\/\/modamo.pl\/index.php\/wp-json\/wp\/v2\/comments?post=2104"}],"wp:featuredmedia":[{"embeddable":true,"href":"https:\/\/modamo.pl\/index.php\/wp-json\/wp\/v2\/media\/2482"}],"wp:attachment":[{"href":"https:\/\/modamo.pl\/index.php\/wp-json\/wp\/v2\/media?parent=2104"}],"wp:term":[{"taxonomy":"product_cat","embeddable":true,"href":"https:\/\/modamo.pl\/index.php\/wp-json\/wp\/v2\/product_cat?post=2104"},{"taxonomy":"product_tag","embeddable":true,"href":"https:\/\/modamo.pl\/index.php\/wp-json\/wp\/v2\/product_tag?post=2104"}],"curies":[{"name":"wp","href":"https:\/\/api.w.org\/{rel}","templated":true}]}}