{"id":2102,"date":"2021-04-19T23:56:56","date_gmt":"2021-04-19T21:56:56","guid":{"rendered":"https:\/\/modamo.pl\/?post_type=product&#038;p=2102"},"modified":"2021-05-05T22:40:36","modified_gmt":"2021-05-05T20:40:36","slug":"top-meggie-blue","status":"publish","type":"product","link":"https:\/\/modamo.pl\/index.php\/produkt\/top-meggie-blue\/","title":{"rendered":"Top Meggie Blue"},"content":{"rendered":"","protected":false},"excerpt":{"rendered":"<p>Top Meggie w kolorze niebieskim to prawdziwy must have w kobiecej letniej garderobie. Jest to idealny wyb\u00f3r dla ka\u017cdego typu figury. Dodatkowo top zosta\u0142 ozdobiony modnymi r\u0119kawkami z odkrytymi ramionami, kt\u00f3re dodaj\u0105 uroku oraz podkre\u015blaj\u0105 kobiecy charakter ca\u0142o\u015bci stylizacji. Idealna baza do wykorzystania zar\u00f3wno w lookach codziennych, jak i nieco bardziej eleganckich. Top z wysokiej jako\u015bci pr\u0105\u017ckowanego materia\u0142u idealnie dopasuje si\u0119 do ka\u017cdego rozmiaru. Doskonale \u0142\u0105czy si\u0119 ze spodniami z wysokim stanem, kr\u00f3tkimi spodenkami, czy modn\u0105 sp\u00f3dnic\u0105.<\/p>\n","protected":false},"featured_media":2359,"comment_status":"closed","ping_status":"closed","template":"","meta":{"_monsterinsights_skip_tracking":false,"_monsterinsights_sitenote_active":false,"_monsterinsights_sitenote_note":"","_monsterinsights_sitenote_category":0},"product_cat":[111,121,109,110,113],"product_tag":[],"class_list":["post-2102","product","type-product","status-publish","has-post-thumbnail","hentry","product_cat-bestseller","product_cat-bluzki-i-topy","product_cat-kategorie","product_cat-nowosci","product_cat-odziez"],"_links":{"self":[{"href":"https:\/\/modamo.pl\/index.php\/wp-json\/wp\/v2\/product\/2102","targetHints":{"allow":["GET"]}}],"collection":[{"href":"https:\/\/modamo.pl\/index.php\/wp-json\/wp\/v2\/product"}],"about":[{"href":"https:\/\/modamo.pl\/index.php\/wp-json\/wp\/v2\/types\/product"}],"replies":[{"embeddable":true,"href":"https:\/\/modamo.pl\/index.php\/wp-json\/wp\/v2\/comments?post=2102"}],"wp:featuredmedia":[{"embeddable":true,"href":"https:\/\/modamo.pl\/index.php\/wp-json\/wp\/v2\/media\/2359"}],"wp:attachment":[{"href":"https:\/\/modamo.pl\/index.php\/wp-json\/wp\/v2\/media?parent=2102"}],"wp:term":[{"taxonomy":"product_cat","embeddable":true,"href":"https:\/\/modamo.pl\/index.php\/wp-json\/wp\/v2\/product_cat?post=2102"},{"taxonomy":"product_tag","embeddable":true,"href":"https:\/\/modamo.pl\/index.php\/wp-json\/wp\/v2\/product_tag?post=2102"}],"curies":[{"name":"wp","href":"https:\/\/api.w.org\/{rel}","templated":true}]}}