{"id":2097,"date":"2021-04-19T22:20:48","date_gmt":"2021-04-19T20:20:48","guid":{"rendered":"https:\/\/modamo.pl\/?post_type=product&#038;p=2097"},"modified":"2021-05-05T22:48:07","modified_gmt":"2021-05-05T20:48:07","slug":"sukienka-layla","status":"publish","type":"product","link":"https:\/\/modamo.pl\/index.php\/produkt\/sukienka-layla\/","title":{"rendered":"Sukienka Layla"},"content":{"rendered":"","protected":false},"excerpt":{"rendered":"<p>Niezwykle urocza sukienka Layla w kolorze niebieskim stworzona zosta\u0142a dla wielbicielek wakacyjnego stylu.\u00a0Sukienka zosta\u0142a wzbogacona o wspania\u0142y kwiecisty wz\u00f3r, kt\u00f3ry \u015bwietnie sprawdzi si\u0119 w wiosenno-letnim sezonie. R\u0119kawy wyko\u0144czone delikatn\u0105 falban\u0105 nie tylko dodaj\u0105 uroku, ale r\u00f3wnie\u017c optycznie wyszczuplaj\u0105 sylwetk\u0119. Niezwyk\u0142y dekolt podkre\u015bla biust. Sukienka o takim fasonie optycznie wysmukla i wyd\u0142u\u017ca nogi. Guma w talii fantastycznie dodatkowo podkre\u015bli figur\u0119.\u00a0Sukienka wykonana z bawe\u0142ny zapewni komfort oraz wygod\u0119 noszenia.\u00a0Zastosowany dekolt sprawdzi si\u0119 r\u00f3wnie\u017c dla kobiet karmi\u0105cych.\u00a0<\/p>\n<p>Rozkloszowany d\u00f3\u0142 dodaje lekko\u015bci oraz dziewcz\u0119cego uroku.\u00a0Modna sukienka na ka\u017cd\u0105 okazj\u0119, doskona\u0142y wyb\u00f3r zar\u00f3wno na co dzie\u0144, jak i na romantyczne wyj\u015bcie.\u00a0Sukienka niezwykle efektowna i kobieca.<\/p>\n<p>&nbsp;<\/p>\n","protected":false},"featured_media":2239,"comment_status":"closed","ping_status":"closed","template":"","meta":{"_monsterinsights_skip_tracking":false,"_monsterinsights_sitenote_active":false,"_monsterinsights_sitenote_note":"","_monsterinsights_sitenote_category":0},"product_cat":[111,109,110,113,136,142,139,138,144,137],"product_tag":[],"class_list":["post-2097","product","type-product","status-publish","has-post-thumbnail","hentry","product_cat-bestseller","product_cat-kategorie","product_cat-nowosci","product_cat-odziez","product_cat-sukienki","product_cat-sukienki-koktajlowe","product_cat-sukienki-mini","product_cat-sukienki-na-co-dzien","product_cat-sukienki-na-impreze","product_cat-sukienki-na-lato"],"_links":{"self":[{"href":"https:\/\/modamo.pl\/index.php\/wp-json\/wp\/v2\/product\/2097","targetHints":{"allow":["GET"]}}],"collection":[{"href":"https:\/\/modamo.pl\/index.php\/wp-json\/wp\/v2\/product"}],"about":[{"href":"https:\/\/modamo.pl\/index.php\/wp-json\/wp\/v2\/types\/product"}],"replies":[{"embeddable":true,"href":"https:\/\/modamo.pl\/index.php\/wp-json\/wp\/v2\/comments?post=2097"}],"wp:featuredmedia":[{"embeddable":true,"href":"https:\/\/modamo.pl\/index.php\/wp-json\/wp\/v2\/media\/2239"}],"wp:attachment":[{"href":"https:\/\/modamo.pl\/index.php\/wp-json\/wp\/v2\/media?parent=2097"}],"wp:term":[{"taxonomy":"product_cat","embeddable":true,"href":"https:\/\/modamo.pl\/index.php\/wp-json\/wp\/v2\/product_cat?post=2097"},{"taxonomy":"product_tag","embeddable":true,"href":"https:\/\/modamo.pl\/index.php\/wp-json\/wp\/v2\/product_tag?post=2097"}],"curies":[{"name":"wp","href":"https:\/\/api.w.org\/{rel}","templated":true}]}}