{"id":2087,"date":"2021-04-25T21:13:00","date_gmt":"2021-04-25T19:13:00","guid":{"rendered":"https:\/\/modamo.pl\/?post_type=product&#038;p=2087"},"modified":"2021-05-05T23:43:58","modified_gmt":"2021-05-05T21:43:58","slug":"sukienka-emi-pink","status":"publish","type":"product","link":"https:\/\/modamo.pl\/index.php\/produkt\/sukienka-emi-pink\/","title":{"rendered":"Sukienka Emi Pink"},"content":{"rendered":"","protected":false},"excerpt":{"rendered":"<p>Sukienka Emi z r\u0119kawem 3\/4\u00a0stworzona zosta\u0142a dla kobiet ceni\u0105cych sobie po\u0142\u0105czenie nowoczesno\u015bci i klasyki.\u00a0Model o lu\u017anym kroju i uniwersalnym rozmiarze pasuje na ka\u017cd\u0105 figur\u0119 i dobrze tuszuje drobne niedoskona\u0142o\u015bci sylwetki.\u00a0Sukienka idealna na ci\u0105\u017cowe brzuszki.\u00a0Kopertowy dekolt wysmukla sylwetk\u0119 oraz doskonale eksponuje g\u00f3rn\u0105 parti\u0119 cia\u0142a. Dodatkowo gumka w talii fantastycznie podkre\u015bla figur\u0119.\u00a0Zastosowany dekolt idealny jest r\u00f3wnie\u017c dla kobiet o wi\u0119kszym rozmiarze biustu.<\/p>\n<p>Rozkloszowany d\u00f3\u0142 dodaje lekko\u015bci oraz dziewcz\u0119cego uroku. Model idealny do but\u00f3w na wysokim obcasie na przyj\u0119cia, wesela czy te\u017c randk\u0119. Odnajdzie si\u0119 fantastycznie zar\u00f3wno w stylizacjach formalnych, jak i casualowych zestawiony z trampkami, kapeluszem i jeasnow\u0105 kurtk\u0105. Sukienka niezwykle efektowna i kobieca.<\/p>\n<p>&nbsp;<\/p>\n","protected":false},"featured_media":2312,"comment_status":"closed","ping_status":"closed","template":"","meta":{"_monsterinsights_skip_tracking":false,"_monsterinsights_sitenote_active":false,"_monsterinsights_sitenote_note":"","_monsterinsights_sitenote_category":0},"product_cat":[111,109,110,113,136,142,139,138,144,137],"product_tag":[],"class_list":["post-2087","product","type-product","status-publish","has-post-thumbnail","hentry","product_cat-bestseller","product_cat-kategorie","product_cat-nowosci","product_cat-odziez","product_cat-sukienki","product_cat-sukienki-koktajlowe","product_cat-sukienki-mini","product_cat-sukienki-na-co-dzien","product_cat-sukienki-na-impreze","product_cat-sukienki-na-lato"],"_links":{"self":[{"href":"https:\/\/modamo.pl\/index.php\/wp-json\/wp\/v2\/product\/2087","targetHints":{"allow":["GET"]}}],"collection":[{"href":"https:\/\/modamo.pl\/index.php\/wp-json\/wp\/v2\/product"}],"about":[{"href":"https:\/\/modamo.pl\/index.php\/wp-json\/wp\/v2\/types\/product"}],"replies":[{"embeddable":true,"href":"https:\/\/modamo.pl\/index.php\/wp-json\/wp\/v2\/comments?post=2087"}],"wp:featuredmedia":[{"embeddable":true,"href":"https:\/\/modamo.pl\/index.php\/wp-json\/wp\/v2\/media\/2312"}],"wp:attachment":[{"href":"https:\/\/modamo.pl\/index.php\/wp-json\/wp\/v2\/media?parent=2087"}],"wp:term":[{"taxonomy":"product_cat","embeddable":true,"href":"https:\/\/modamo.pl\/index.php\/wp-json\/wp\/v2\/product_cat?post=2087"},{"taxonomy":"product_tag","embeddable":true,"href":"https:\/\/modamo.pl\/index.php\/wp-json\/wp\/v2\/product_tag?post=2087"}],"curies":[{"name":"wp","href":"https:\/\/api.w.org\/{rel}","templated":true}]}}