{"id":2084,"date":"2021-04-19T18:21:16","date_gmt":"2021-04-19T16:21:16","guid":{"rendered":"https:\/\/modamo.pl\/?post_type=product&#038;p=2084"},"modified":"2021-05-06T00:03:39","modified_gmt":"2021-05-05T22:03:39","slug":"sukienka-claudia-sun-blue-wiskoza","status":"publish","type":"product","link":"https:\/\/modamo.pl\/index.php\/produkt\/sukienka-claudia-sun-blue-wiskoza\/","title":{"rendered":"Sukienka Claudia Sun Blue Wiskoza"},"content":{"rendered":"","protected":false},"excerpt":{"rendered":"<p>Sukienka Claudia Sun z kr\u00f3tkim r\u0119kawem doskonale sprawdzi si\u0119 w stylizacjach formalnych oraz bardziej casualowych. Model ten zosta\u0142 wykonany z bardzo przyjemnej w dotyku wiskozy.<br \/>Posiada pasek w kolorze sukienki do przewi\u0105zania na wysoko\u015bci talii, dzi\u0119ki czemu nadasz jej odpowiedniego kszta\u0142tu. Model o lu\u017anym kroju i uniwersalnym rozmiarze pasuje na ka\u017cd\u0105 figur\u0119 i dobrze tuszuje drobne niedoskona\u0142o\u015bci sylwetki.\u00a0Sukienka nadaje si\u0119 do karmienia i pasuje na ci\u0105\u017cowe brzuszki. W sukience zastosowany jest dekolt kopertowy, dzi\u0119ki czemu jest idealna r\u00f3wnie\u017c dla kobiet o wi\u0119kszym rozmiarze biustu.<\/p>\n<p>Model idealny do but\u00f3w na wysokim obcasie, na przyj\u0119cia, wesela czy te\u017c randk\u0119. Mo\u017cemy osi\u0105gn\u0105\u0107 r\u00f3wnie\u017c wersj\u0119 casualow\u0105 stylizacji. Zestawiona z trampkami, kapeluszem i jeasnow\u0105 kurtk\u0105, nabierze codziennego looku.\u00a0Sukienka niezwykle efektowna i kobieca.\u00a0Dzi\u0119ki zastosowanemu materia\u0142owi oraz rozci\u0119ciu idealnie sprawdzi si\u0119 r\u00f3wnie\u017c w ciep\u0142e letnie dni.<\/p>\n","protected":false},"featured_media":2306,"comment_status":"closed","ping_status":"closed","template":"","meta":{"_monsterinsights_skip_tracking":false,"_monsterinsights_sitenote_active":false,"_monsterinsights_sitenote_note":"","_monsterinsights_sitenote_category":0},"product_cat":[111,109,110,113,136,142,141,140,138,144,137],"product_tag":[],"class_list":["post-2084","product","type-product","status-publish","has-post-thumbnail","hentry","product_cat-bestseller","product_cat-kategorie","product_cat-nowosci","product_cat-odziez","product_cat-sukienki","product_cat-sukienki-koktajlowe","product_cat-sukienki-maxi","product_cat-sukienki-midi","product_cat-sukienki-na-co-dzien","product_cat-sukienki-na-impreze","product_cat-sukienki-na-lato"],"_links":{"self":[{"href":"https:\/\/modamo.pl\/index.php\/wp-json\/wp\/v2\/product\/2084","targetHints":{"allow":["GET"]}}],"collection":[{"href":"https:\/\/modamo.pl\/index.php\/wp-json\/wp\/v2\/product"}],"about":[{"href":"https:\/\/modamo.pl\/index.php\/wp-json\/wp\/v2\/types\/product"}],"replies":[{"embeddable":true,"href":"https:\/\/modamo.pl\/index.php\/wp-json\/wp\/v2\/comments?post=2084"}],"wp:featuredmedia":[{"embeddable":true,"href":"https:\/\/modamo.pl\/index.php\/wp-json\/wp\/v2\/media\/2306"}],"wp:attachment":[{"href":"https:\/\/modamo.pl\/index.php\/wp-json\/wp\/v2\/media?parent=2084"}],"wp:term":[{"taxonomy":"product_cat","embeddable":true,"href":"https:\/\/modamo.pl\/index.php\/wp-json\/wp\/v2\/product_cat?post=2084"},{"taxonomy":"product_tag","embeddable":true,"href":"https:\/\/modamo.pl\/index.php\/wp-json\/wp\/v2\/product_tag?post=2084"}],"curies":[{"name":"wp","href":"https:\/\/api.w.org\/{rel}","templated":true}]}}