{"id":1935,"date":"2021-04-01T19:58:50","date_gmt":"2021-04-01T17:58:50","guid":{"rendered":"https:\/\/modamotemp.dkonto.pl\/?post_type=product&#038;p=1935"},"modified":"2021-04-01T20:21:54","modified_gmt":"2021-04-01T18:21:54","slug":"spodnie-elen-szare","status":"publish","type":"product","link":"https:\/\/modamo.pl\/index.php\/produkt\/spodnie-elen-szare\/","title":{"rendered":"Spodnie Elen Szare"},"content":{"rendered":"","protected":false},"excerpt":{"rendered":"<p>Spodnie jeansowe Elen maj\u0105 wysoki stan, dzi\u0119ki czemu tworz\u0105 doskona\u0142e po\u0142\u0105czenie z kr\u00f3tkimi topami i swetrami oversize oraz\u00a0\u0142adnie podkre\u015blaj\u0105 i modeluj\u0105 sylwetk\u0119. Z przodu nogawek na ich \u015brodku znajduje si\u0119 przeszycie zako\u0144czone delikatnym rozci\u0119ciem nadaj\u0105cym niepowtarzalnego looku. Posiadaj\u0105 z przodu i z ty\u0142u kieszenie.<br \/>\nSpodnie Elen doskonale prezentuj\u0105 si\u0119 ze sportowym obuwiem oraz bardziej eleganckim na wieczorne wyj\u015bcia.<\/p>\n","protected":false},"featured_media":1860,"comment_status":"closed","ping_status":"closed","template":"","meta":{"_monsterinsights_skip_tracking":false,"_monsterinsights_sitenote_active":false,"_monsterinsights_sitenote_note":"","_monsterinsights_sitenote_category":0},"product_cat":[111,175,109,110,113,173],"product_tag":[],"class_list":["post-1935","product","type-product","status-publish","has-post-thumbnail","hentry","product_cat-bestseller","product_cat-jeansy","product_cat-kategorie","product_cat-nowosci","product_cat-odziez","product_cat-spodnie"],"_links":{"self":[{"href":"https:\/\/modamo.pl\/index.php\/wp-json\/wp\/v2\/product\/1935","targetHints":{"allow":["GET"]}}],"collection":[{"href":"https:\/\/modamo.pl\/index.php\/wp-json\/wp\/v2\/product"}],"about":[{"href":"https:\/\/modamo.pl\/index.php\/wp-json\/wp\/v2\/types\/product"}],"replies":[{"embeddable":true,"href":"https:\/\/modamo.pl\/index.php\/wp-json\/wp\/v2\/comments?post=1935"}],"wp:featuredmedia":[{"embeddable":true,"href":"https:\/\/modamo.pl\/index.php\/wp-json\/wp\/v2\/media\/1860"}],"wp:attachment":[{"href":"https:\/\/modamo.pl\/index.php\/wp-json\/wp\/v2\/media?parent=1935"}],"wp:term":[{"taxonomy":"product_cat","embeddable":true,"href":"https:\/\/modamo.pl\/index.php\/wp-json\/wp\/v2\/product_cat?post=1935"},{"taxonomy":"product_tag","embeddable":true,"href":"https:\/\/modamo.pl\/index.php\/wp-json\/wp\/v2\/product_tag?post=1935"}],"curies":[{"name":"wp","href":"https:\/\/api.w.org\/{rel}","templated":true}]}}