{"id":1927,"date":"2021-04-01T19:32:49","date_gmt":"2021-04-01T17:32:49","guid":{"rendered":"https:\/\/modamotemp.dkonto.pl\/?post_type=product&#038;p=1927"},"modified":"2021-04-21T19:58:30","modified_gmt":"2021-04-21T17:58:30","slug":"spodnie-zanzi","status":"publish","type":"product","link":"https:\/\/modamo.pl\/index.php\/produkt\/spodnie-zanzi\/","title":{"rendered":"Spodnie Zanzi"},"content":{"rendered":"","protected":false},"excerpt":{"rendered":"<p>Bia\u0142e spodnie jeansowe Zanzi zosta\u0142y wykonane z elastycznego materia\u0142u zapewniaj\u0105cego du\u017cy komfort u\u017cytkowania. Model posiada kieszenie z przodu oraz z ty\u0142u do przechowywania drobiazg\u00f3w. Fason z lekko powy\u017cszonym stanem \u0142adnie podkre\u015bla i modeluje sylwetk\u0119. Wykonane z cienkiego, przyjemnego materia\u0142u, idealnego na lato. Bia\u0142e rurki z przetarciami to zawsze doskona\u0142y wyb\u00f3r do ka\u017cdego zestawienia &#8211; od codziennych, lu\u017anych stylizacji, po formalne outfity. Idealne na sezon letni. Spodnie Zanzi fantastycznie prezentuj\u0105 si\u0119 ze sportowym obuwiem oraz bardziej eleganckim na wieczorne wyj\u015bcia.<\/p>\n","protected":false},"featured_media":1898,"comment_status":"closed","ping_status":"closed","template":"","meta":{"_monsterinsights_skip_tracking":false,"_monsterinsights_sitenote_active":false,"_monsterinsights_sitenote_note":"","_monsterinsights_sitenote_category":0},"product_cat":[111,175,109,110,113,173],"product_tag":[],"class_list":["post-1927","product","type-product","status-publish","has-post-thumbnail","hentry","product_cat-bestseller","product_cat-jeansy","product_cat-kategorie","product_cat-nowosci","product_cat-odziez","product_cat-spodnie"],"_links":{"self":[{"href":"https:\/\/modamo.pl\/index.php\/wp-json\/wp\/v2\/product\/1927","targetHints":{"allow":["GET"]}}],"collection":[{"href":"https:\/\/modamo.pl\/index.php\/wp-json\/wp\/v2\/product"}],"about":[{"href":"https:\/\/modamo.pl\/index.php\/wp-json\/wp\/v2\/types\/product"}],"replies":[{"embeddable":true,"href":"https:\/\/modamo.pl\/index.php\/wp-json\/wp\/v2\/comments?post=1927"}],"wp:featuredmedia":[{"embeddable":true,"href":"https:\/\/modamo.pl\/index.php\/wp-json\/wp\/v2\/media\/1898"}],"wp:attachment":[{"href":"https:\/\/modamo.pl\/index.php\/wp-json\/wp\/v2\/media?parent=1927"}],"wp:term":[{"taxonomy":"product_cat","embeddable":true,"href":"https:\/\/modamo.pl\/index.php\/wp-json\/wp\/v2\/product_cat?post=1927"},{"taxonomy":"product_tag","embeddable":true,"href":"https:\/\/modamo.pl\/index.php\/wp-json\/wp\/v2\/product_tag?post=1927"}],"curies":[{"name":"wp","href":"https:\/\/api.w.org\/{rel}","templated":true}]}}