{"id":1909,"date":"2021-04-01T18:21:19","date_gmt":"2021-04-01T16:21:19","guid":{"rendered":"https:\/\/modamotemp.dkonto.pl\/?post_type=product&#038;p=1909"},"modified":"2021-04-01T18:33:36","modified_gmt":"2021-04-01T16:33:36","slug":"spodnie-venezia","status":"publish","type":"product","link":"https:\/\/modamo.pl\/index.php\/produkt\/spodnie-venezia\/","title":{"rendered":"Spodnie Venezia"},"content":{"rendered":"","protected":false},"excerpt":{"rendered":"<p>Lu\u017any, klasyczny model spodni materia\u0142owych Venezia stworzony zosta\u0142 dla mi\u0142o\u015bniczek uniwersalnych i modnych stylizacji. Be\u017cowy odcie\u0144 jest fantastyczn\u0105 opcj\u0105 w sezonie wiosenno-letnim. Model z wysokim stanem \u015bwietnie podkre\u015bla nogi oraz optycznie wysmukla figur\u0119. Spodnie zapinane s\u0105 z przodu na suwak. Zosta\u0142y dodatkowo wzbogacone o dekoracyjny pasek oraz wszyt\u0105 gum\u0119 z ty\u0142u spodni nadaj\u0105c\u0105 im modne, lekkie marszczenie oraz idealne dopasowanie\u00a0do ka\u017cdej figury. Z przodu maj\u0105 dwie kieszenie na drobne przedmioty.<\/p>\n<p>Venezia to model, kt\u00f3ry sprawdzi si\u0119 nawet w upalnie dni, poniewa\u017c nie opina nadmiernie cia\u0142a i zapewnia komfort oraz wygod\u0119 noszenia przez ca\u0142y dzie\u0144. Zestawione z koszulk\u0105 lub kr\u00f3tkim topem oraz sportowymi butami sprawdz\u0105 si\u0119 doskonale zar\u00f3wno na co dzie\u0144, jak i na bardziej wymagaj\u0105ce okazje.<\/p>\n","protected":false},"featured_media":1890,"comment_status":"closed","ping_status":"closed","template":"","meta":{"_monsterinsights_skip_tracking":false,"_monsterinsights_sitenote_active":false,"_monsterinsights_sitenote_note":"","_monsterinsights_sitenote_category":0},"product_cat":[111,109,110,113,173,174],"product_tag":[],"class_list":["post-1909","product","type-product","status-publish","has-post-thumbnail","hentry","product_cat-bestseller","product_cat-kategorie","product_cat-nowosci","product_cat-odziez","product_cat-spodnie","product_cat-spodnie-materialowe"],"_links":{"self":[{"href":"https:\/\/modamo.pl\/index.php\/wp-json\/wp\/v2\/product\/1909","targetHints":{"allow":["GET"]}}],"collection":[{"href":"https:\/\/modamo.pl\/index.php\/wp-json\/wp\/v2\/product"}],"about":[{"href":"https:\/\/modamo.pl\/index.php\/wp-json\/wp\/v2\/types\/product"}],"replies":[{"embeddable":true,"href":"https:\/\/modamo.pl\/index.php\/wp-json\/wp\/v2\/comments?post=1909"}],"wp:featuredmedia":[{"embeddable":true,"href":"https:\/\/modamo.pl\/index.php\/wp-json\/wp\/v2\/media\/1890"}],"wp:attachment":[{"href":"https:\/\/modamo.pl\/index.php\/wp-json\/wp\/v2\/media?parent=1909"}],"wp:term":[{"taxonomy":"product_cat","embeddable":true,"href":"https:\/\/modamo.pl\/index.php\/wp-json\/wp\/v2\/product_cat?post=1909"},{"taxonomy":"product_tag","embeddable":true,"href":"https:\/\/modamo.pl\/index.php\/wp-json\/wp\/v2\/product_tag?post=1909"}],"curies":[{"name":"wp","href":"https:\/\/api.w.org\/{rel}","templated":true}]}}