{"id":1904,"date":"2021-04-01T17:58:36","date_gmt":"2021-04-01T15:58:36","guid":{"rendered":"https:\/\/modamotemp.dkonto.pl\/?post_type=product&#038;p=1904"},"modified":"2021-04-01T18:12:16","modified_gmt":"2021-04-01T16:12:16","slug":"spodnie-cambrige","status":"publish","type":"product","link":"https:\/\/modamo.pl\/index.php\/produkt\/spodnie-cambrige\/","title":{"rendered":"Spodnie Cambrige"},"content":{"rendered":"","protected":false},"excerpt":{"rendered":"<p>Spodnie Cambrige w kolorze szarym stworzone zosta\u0142y do najmodniejszych stylizacji tego sezonu. Model zaprasowany w kant w lu\u017aym fasonie doskonale komponuje si\u0119 z ka\u017cd\u0105 stylizacj\u0105. Spodnie Cambrige zosta\u0142y dodatkowo wzbogacone o dekoracyjny pasek oraz wszyt\u0105 gum\u0119 z ty\u0142u spodni nadaj\u0105c\u0105 im modne, lekkie marszczenie oraz idealne dopasowanie\u00a0do ka\u017cdej figury. Wysoki stan pomo\u017ce osi\u0105gn\u0105\u0107 perfekcyjny wygl\u0105d.\u00a0Spodnie posiadaj\u0105 z przodu dwie kieszenie.<\/p>\n<p>Model Cambrige zestawiony ze sportowym obuwiem tworzy idealn\u0105 opcj\u0119 na co dzie\u0144. Skomponowany z butami na obcasie pomo\u017ce uzyska\u0107 elegancki look.\u00a0Dzi\u0119ki swojemu kolorowi oraz fasonowi daje mo\u017cliwo\u015bci r\u00f3\u017cnego stylizowania.<\/p>\n<p>&nbsp;<\/p>\n","protected":false},"featured_media":1895,"comment_status":"closed","ping_status":"closed","template":"","meta":{"_monsterinsights_skip_tracking":false,"_monsterinsights_sitenote_active":false,"_monsterinsights_sitenote_note":"","_monsterinsights_sitenote_category":0},"product_cat":[111,109,110,113,173,174],"product_tag":[],"class_list":["post-1904","product","type-product","status-publish","has-post-thumbnail","hentry","product_cat-bestseller","product_cat-kategorie","product_cat-nowosci","product_cat-odziez","product_cat-spodnie","product_cat-spodnie-materialowe"],"_links":{"self":[{"href":"https:\/\/modamo.pl\/index.php\/wp-json\/wp\/v2\/product\/1904","targetHints":{"allow":["GET"]}}],"collection":[{"href":"https:\/\/modamo.pl\/index.php\/wp-json\/wp\/v2\/product"}],"about":[{"href":"https:\/\/modamo.pl\/index.php\/wp-json\/wp\/v2\/types\/product"}],"replies":[{"embeddable":true,"href":"https:\/\/modamo.pl\/index.php\/wp-json\/wp\/v2\/comments?post=1904"}],"wp:featuredmedia":[{"embeddable":true,"href":"https:\/\/modamo.pl\/index.php\/wp-json\/wp\/v2\/media\/1895"}],"wp:attachment":[{"href":"https:\/\/modamo.pl\/index.php\/wp-json\/wp\/v2\/media?parent=1904"}],"wp:term":[{"taxonomy":"product_cat","embeddable":true,"href":"https:\/\/modamo.pl\/index.php\/wp-json\/wp\/v2\/product_cat?post=1904"},{"taxonomy":"product_tag","embeddable":true,"href":"https:\/\/modamo.pl\/index.php\/wp-json\/wp\/v2\/product_tag?post=1904"}],"curies":[{"name":"wp","href":"https:\/\/api.w.org\/{rel}","templated":true}]}}