{"id":1880,"date":"2021-04-01T16:07:17","date_gmt":"2021-04-01T14:07:17","guid":{"rendered":"https:\/\/modamotemp.dkonto.pl\/?post_type=product&#038;p=1880"},"modified":"2021-04-01T18:20:50","modified_gmt":"2021-04-01T16:20:50","slug":"body-basic","status":"publish","type":"product","link":"https:\/\/modamo.pl\/index.php\/produkt\/body-basic\/","title":{"rendered":"Body Basic Bia\u0142e"},"content":{"rendered":"","protected":false},"excerpt":{"rendered":"<p>Body Basic to totalny must have w ka\u017cdej szafie. Stworzony zosta\u0142 jako basic do wszystkich stylizacji. Jego uniwersalny kr\u00f3j oraz dekolt doskonale komponuje si\u0119 z ka\u017cd\u0105 cz\u0119\u015bci\u0105 garderoby.\u00a0Body posiada dodatkow\u0105 warstw\u0119 materia\u0142u na wysoko\u015bci biustu dla wi\u0119kszego komfortu jego u\u017cywania. Nie posiada zapi\u0119cia u do\u0142u.<br \/>\nModel Body Basic idealnie sprawdzi si\u0119 jako baza do stylizacji codziennych oraz tych bardziej formalnych. Top z wysokiej jako\u015bci pr\u0105\u017ckowanego materia\u0142u idealnie dopasuje si\u0119 do ka\u017cdej figury. Doskonale \u0142\u0105czy si\u0119 ze spodniami z wysokim stanem, kr\u00f3tkimi spodenkami czy letni\u0105 sp\u00f3dniczk\u0105. Skomponowany z marynark\u0105 stworzy przepi\u0119kn\u0105 eleganck\u0105 stylizacj\u0119.<\/p>\n","protected":false},"featured_media":1894,"comment_status":"closed","ping_status":"closed","template":"","meta":{"_monsterinsights_skip_tracking":false,"_monsterinsights_sitenote_active":false,"_monsterinsights_sitenote_note":"","_monsterinsights_sitenote_category":0},"product_cat":[111,121,109,110,113],"product_tag":[],"class_list":["post-1880","product","type-product","status-publish","has-post-thumbnail","hentry","product_cat-bestseller","product_cat-bluzki-i-topy","product_cat-kategorie","product_cat-nowosci","product_cat-odziez"],"_links":{"self":[{"href":"https:\/\/modamo.pl\/index.php\/wp-json\/wp\/v2\/product\/1880","targetHints":{"allow":["GET"]}}],"collection":[{"href":"https:\/\/modamo.pl\/index.php\/wp-json\/wp\/v2\/product"}],"about":[{"href":"https:\/\/modamo.pl\/index.php\/wp-json\/wp\/v2\/types\/product"}],"replies":[{"embeddable":true,"href":"https:\/\/modamo.pl\/index.php\/wp-json\/wp\/v2\/comments?post=1880"}],"wp:featuredmedia":[{"embeddable":true,"href":"https:\/\/modamo.pl\/index.php\/wp-json\/wp\/v2\/media\/1894"}],"wp:attachment":[{"href":"https:\/\/modamo.pl\/index.php\/wp-json\/wp\/v2\/media?parent=1880"}],"wp:term":[{"taxonomy":"product_cat","embeddable":true,"href":"https:\/\/modamo.pl\/index.php\/wp-json\/wp\/v2\/product_cat?post=1880"},{"taxonomy":"product_tag","embeddable":true,"href":"https:\/\/modamo.pl\/index.php\/wp-json\/wp\/v2\/product_tag?post=1880"}],"curies":[{"name":"wp","href":"https:\/\/api.w.org\/{rel}","templated":true}]}}