{"id":1870,"date":"2021-04-01T15:46:21","date_gmt":"2021-04-01T13:46:21","guid":{"rendered":"https:\/\/modamotemp.dkonto.pl\/?post_type=product&#038;p=1870"},"modified":"2021-04-06T10:10:59","modified_gmt":"2021-04-06T08:10:59","slug":"body-asja","status":"publish","type":"product","link":"https:\/\/modamo.pl\/index.php\/produkt\/body-asja\/","title":{"rendered":"Body Asja"},"content":{"rendered":"","protected":false},"excerpt":{"rendered":"<p>Model Asja stworzony zosta\u0142 jako basic do wszystkich codziennych stylizacji. Model o skr\u00f3conym kroju i wysokim stanie to absolutny hit ostatnich sezon\u00f3w. Ods\u0142ania delikatnie boki, tworz\u0105c stylizacj\u0119 z charakterem. Body posiada zapi\u0119cie w kroku na dwa zatrzaski oraz element dekoracyjny, kt\u00f3rym s\u0105 dodatkowe sznureczki. Mo\u017cna je zawi\u0105za\u0107 lub zostawi\u0107 puszczone lu\u017ano. Obie wersje nadaj\u0105 stylizacji niepowtarzalnego wygl\u0105du.<br \/>\nBody mo\u017ce by\u0107 wykorzystane jako baza do stylizacji codziennych, jak i by\u0107 elementem akcentuj\u0105cym pe\u0142ny look. Top z wysokiej jako\u015bci pr\u0105\u017ckowanego materia\u0142u idealnie dopasuje si\u0119 do ka\u017cdej figury. Doskonale \u0142\u0105czy si\u0119 ze spodniami z wysokim stanem, kr\u00f3tkimi spodenkami czy letni\u0105 sp\u00f3dniczk\u0105.<\/p>\n","protected":false},"featured_media":1875,"comment_status":"closed","ping_status":"closed","template":"","meta":{"_monsterinsights_skip_tracking":false,"_monsterinsights_sitenote_active":false,"_monsterinsights_sitenote_note":"","_monsterinsights_sitenote_category":0},"product_cat":[111,121,109,110,113],"product_tag":[],"class_list":["post-1870","product","type-product","status-publish","has-post-thumbnail","hentry","product_cat-bestseller","product_cat-bluzki-i-topy","product_cat-kategorie","product_cat-nowosci","product_cat-odziez"],"_links":{"self":[{"href":"https:\/\/modamo.pl\/index.php\/wp-json\/wp\/v2\/product\/1870","targetHints":{"allow":["GET"]}}],"collection":[{"href":"https:\/\/modamo.pl\/index.php\/wp-json\/wp\/v2\/product"}],"about":[{"href":"https:\/\/modamo.pl\/index.php\/wp-json\/wp\/v2\/types\/product"}],"replies":[{"embeddable":true,"href":"https:\/\/modamo.pl\/index.php\/wp-json\/wp\/v2\/comments?post=1870"}],"wp:featuredmedia":[{"embeddable":true,"href":"https:\/\/modamo.pl\/index.php\/wp-json\/wp\/v2\/media\/1875"}],"wp:attachment":[{"href":"https:\/\/modamo.pl\/index.php\/wp-json\/wp\/v2\/media?parent=1870"}],"wp:term":[{"taxonomy":"product_cat","embeddable":true,"href":"https:\/\/modamo.pl\/index.php\/wp-json\/wp\/v2\/product_cat?post=1870"},{"taxonomy":"product_tag","embeddable":true,"href":"https:\/\/modamo.pl\/index.php\/wp-json\/wp\/v2\/product_tag?post=1870"}],"curies":[{"name":"wp","href":"https:\/\/api.w.org\/{rel}","templated":true}]}}