{"id":1853,"date":"2021-04-01T15:02:33","date_gmt":"2021-04-01T13:02:33","guid":{"rendered":"https:\/\/modamotemp.dkonto.pl\/?post_type=product&#038;p=1853"},"modified":"2021-04-06T10:36:25","modified_gmt":"2021-04-06T08:36:25","slug":"body-suzan","status":"publish","type":"product","link":"https:\/\/modamo.pl\/index.php\/produkt\/body-suzan\/","title":{"rendered":"Body Suzan Antyczny R\u00f3\u017c"},"content":{"rendered":"","protected":false},"excerpt":{"rendered":"<p>Model Suzan to niesamowite body, kt\u00f3re idealne uzupe\u0142ni ka\u017cd\u0105 letni\u0105 garderob\u0119.\u00a0Model o skr\u00f3conym kroju i wysokim stanie to absolutny hit ostatnich sezon\u00f3w. Ods\u0142ania delikatnie boki, tworz\u0105c stylizacj\u0119 z charakterem. Body posiada funkcjonalny suwak oraz zapi\u0119cie w kroku na dwa zatrzaski.<br \/>\nBody mo\u017ce by\u0107 wykorzystane jako baza do stylizacji codziennych, jak i by\u0107 elementem akcentuj\u0105cym pe\u0142ny look. Top z wysokiej jako\u015bci pr\u0105\u017ckowanego materia\u0142u idealnie dopasuje si\u0119 do ka\u017cdej figury. Doskonale \u0142\u0105czy si\u0119 ze spodniami z wysokim stanem, kr\u00f3tkimi spodenkami, czy sp\u00f3dnic\u0105.<\/p>\n","protected":false},"featured_media":1858,"comment_status":"closed","ping_status":"closed","template":"","meta":{"_monsterinsights_skip_tracking":false,"_monsterinsights_sitenote_active":false,"_monsterinsights_sitenote_note":"","_monsterinsights_sitenote_category":0},"product_cat":[111,121,109,110,113],"product_tag":[],"class_list":["post-1853","product","type-product","status-publish","has-post-thumbnail","hentry","product_cat-bestseller","product_cat-bluzki-i-topy","product_cat-kategorie","product_cat-nowosci","product_cat-odziez"],"_links":{"self":[{"href":"https:\/\/modamo.pl\/index.php\/wp-json\/wp\/v2\/product\/1853","targetHints":{"allow":["GET"]}}],"collection":[{"href":"https:\/\/modamo.pl\/index.php\/wp-json\/wp\/v2\/product"}],"about":[{"href":"https:\/\/modamo.pl\/index.php\/wp-json\/wp\/v2\/types\/product"}],"replies":[{"embeddable":true,"href":"https:\/\/modamo.pl\/index.php\/wp-json\/wp\/v2\/comments?post=1853"}],"wp:featuredmedia":[{"embeddable":true,"href":"https:\/\/modamo.pl\/index.php\/wp-json\/wp\/v2\/media\/1858"}],"wp:attachment":[{"href":"https:\/\/modamo.pl\/index.php\/wp-json\/wp\/v2\/media?parent=1853"}],"wp:term":[{"taxonomy":"product_cat","embeddable":true,"href":"https:\/\/modamo.pl\/index.php\/wp-json\/wp\/v2\/product_cat?post=1853"},{"taxonomy":"product_tag","embeddable":true,"href":"https:\/\/modamo.pl\/index.php\/wp-json\/wp\/v2\/product_tag?post=1853"}],"curies":[{"name":"wp","href":"https:\/\/api.w.org\/{rel}","templated":true}]}}