{"id":1838,"date":"2021-04-01T13:51:20","date_gmt":"2021-04-01T11:51:20","guid":{"rendered":"https:\/\/modamotemp.dkonto.pl\/?post_type=product&#038;p=1838"},"modified":"2021-04-09T18:04:32","modified_gmt":"2021-04-09T16:04:32","slug":"top-gate","status":"publish","type":"product","link":"https:\/\/modamo.pl\/index.php\/produkt\/top-gate\/","title":{"rendered":"Top Gate"},"content":{"rendered":"","protected":false},"excerpt":{"rendered":"<p>Top Gate w kolorze bia\u0142ym to obowi\u0105zkowy element letniej garderoby.\u00a0Model o skr\u00f3conym kroju ods\u0142ania brzuch oraz jest najlepszym rozwi\u0105zaniem do spodni z wysokim stanem. Dekolt w topie Gate to klasyczny i uniwersalny wyb\u00f3r.<br \/>\nIdealna baza do wykorzystania zar\u00f3wno w lookach codziennych, jak i nieco bardziej eleganckich. Top z wysokiej jako\u015bci pr\u0105\u017ckowanego materia\u0142u idealnie dopasuje si\u0119 do ka\u017cdego rozmiaru. Doskonale \u0142\u0105czy si\u0119 ze spodniami z wysokim stanem, kr\u00f3tkimi spodenkami, czy modn\u0105 sp\u00f3dnic\u0105.<\/p>\n","protected":false},"featured_media":1843,"comment_status":"closed","ping_status":"closed","template":"","meta":{"_monsterinsights_skip_tracking":false,"_monsterinsights_sitenote_active":false,"_monsterinsights_sitenote_note":"","_monsterinsights_sitenote_category":0},"product_cat":[111,121,109,110,113],"product_tag":[],"class_list":["post-1838","product","type-product","status-publish","has-post-thumbnail","hentry","product_cat-bestseller","product_cat-bluzki-i-topy","product_cat-kategorie","product_cat-nowosci","product_cat-odziez"],"_links":{"self":[{"href":"https:\/\/modamo.pl\/index.php\/wp-json\/wp\/v2\/product\/1838","targetHints":{"allow":["GET"]}}],"collection":[{"href":"https:\/\/modamo.pl\/index.php\/wp-json\/wp\/v2\/product"}],"about":[{"href":"https:\/\/modamo.pl\/index.php\/wp-json\/wp\/v2\/types\/product"}],"replies":[{"embeddable":true,"href":"https:\/\/modamo.pl\/index.php\/wp-json\/wp\/v2\/comments?post=1838"}],"wp:featuredmedia":[{"embeddable":true,"href":"https:\/\/modamo.pl\/index.php\/wp-json\/wp\/v2\/media\/1843"}],"wp:attachment":[{"href":"https:\/\/modamo.pl\/index.php\/wp-json\/wp\/v2\/media?parent=1838"}],"wp:term":[{"taxonomy":"product_cat","embeddable":true,"href":"https:\/\/modamo.pl\/index.php\/wp-json\/wp\/v2\/product_cat?post=1838"},{"taxonomy":"product_tag","embeddable":true,"href":"https:\/\/modamo.pl\/index.php\/wp-json\/wp\/v2\/product_tag?post=1838"}],"curies":[{"name":"wp","href":"https:\/\/api.w.org\/{rel}","templated":true}]}}