{"id":1831,"date":"2021-04-01T13:35:15","date_gmt":"2021-04-01T11:35:15","guid":{"rendered":"https:\/\/modamotemp.dkonto.pl\/?post_type=product&#038;p=1831"},"modified":"2021-04-01T13:44:05","modified_gmt":"2021-04-01T11:44:05","slug":"spodnie-ender-mom-jeans","status":"publish","type":"product","link":"https:\/\/modamo.pl\/index.php\/produkt\/spodnie-ender-mom-jeans\/","title":{"rendered":"Spodnie Ender Mom Jeans"},"content":{"rendered":"","protected":false},"excerpt":{"rendered":"<p>Spodnie Mom Jeans \u00a0w klasycznym odcieniu jeansu to prawdziwy hit tego sezonu! Idealny na okres wiosenno-letni. Model z charakterystycznymi dziurami, kt\u00f3re s\u0105 \u015bwietnym elementem ozdobnym. Jeansy z wysokim stanem, idealnie le\u017c\u0105 na ka\u017cdej figurze i wyszczuplaj\u0105 sylwetk\u0119. Spodnie posiadaj\u0105 dwie du\u017ce kieszenie i jedn\u0105 ma\u0142\u0105 z przodu oraz dwie du\u017ce z ty\u0142u.<br \/>\nMom Jeasny s\u0105 niesamowicie \u0142atwe w stylizowaniu. Skomponowany z nimi kr\u00f3tki top oraz marynarka, tworz\u0105 idealn\u0105 opcj\u0119 casualow\u0105. Dobieraj\u0105c do nich klasyczne body i ci\u0119\u017ckie buty uzyskamy wersj\u0119 z lekkim pazurem.<\/p>\n<p>&nbsp;<\/p>\n","protected":false},"featured_media":1829,"comment_status":"closed","ping_status":"closed","template":"","meta":{"_monsterinsights_skip_tracking":false,"_monsterinsights_sitenote_active":false,"_monsterinsights_sitenote_note":"","_monsterinsights_sitenote_category":0},"product_cat":[111,175,109,110,113,173],"product_tag":[],"class_list":["post-1831","product","type-product","status-publish","has-post-thumbnail","hentry","product_cat-bestseller","product_cat-jeansy","product_cat-kategorie","product_cat-nowosci","product_cat-odziez","product_cat-spodnie"],"_links":{"self":[{"href":"https:\/\/modamo.pl\/index.php\/wp-json\/wp\/v2\/product\/1831","targetHints":{"allow":["GET"]}}],"collection":[{"href":"https:\/\/modamo.pl\/index.php\/wp-json\/wp\/v2\/product"}],"about":[{"href":"https:\/\/modamo.pl\/index.php\/wp-json\/wp\/v2\/types\/product"}],"replies":[{"embeddable":true,"href":"https:\/\/modamo.pl\/index.php\/wp-json\/wp\/v2\/comments?post=1831"}],"wp:featuredmedia":[{"embeddable":true,"href":"https:\/\/modamo.pl\/index.php\/wp-json\/wp\/v2\/media\/1829"}],"wp:attachment":[{"href":"https:\/\/modamo.pl\/index.php\/wp-json\/wp\/v2\/media?parent=1831"}],"wp:term":[{"taxonomy":"product_cat","embeddable":true,"href":"https:\/\/modamo.pl\/index.php\/wp-json\/wp\/v2\/product_cat?post=1831"},{"taxonomy":"product_tag","embeddable":true,"href":"https:\/\/modamo.pl\/index.php\/wp-json\/wp\/v2\/product_tag?post=1831"}],"curies":[{"name":"wp","href":"https:\/\/api.w.org\/{rel}","templated":true}]}}