{"id":1779,"date":"2021-03-31T18:46:40","date_gmt":"2021-03-31T16:46:40","guid":{"rendered":"https:\/\/modamotemp.dkonto.pl\/?post_type=product&#038;p=1779"},"modified":"2021-05-20T15:35:04","modified_gmt":"2021-05-20T13:35:04","slug":"sukienka-justa","status":"publish","type":"product","link":"https:\/\/modamo.pl\/index.php\/produkt\/sukienka-justa\/","title":{"rendered":"Sukienka Justa"},"content":{"rendered":"","protected":false},"excerpt":{"rendered":"<p>Bawe\u0142niana sukienka Justa z kr\u00f3tkim r\u0119kawem idealnie sprawdzi si\u0119 w codziennych, letnich stylizacjach. Wszyta gumka na wysoko\u015bci talii\u00a0fantastycznie podkre\u015bla figur\u0119.<br \/>\nModel o lu\u017anym kroju i uniwersalnym rozmiarze.\u00a0Sukienka nadaje si\u0119 do karmienia i pasuje na ci\u0105\u017cowe brzuszki. Zapinana na guziki, kt\u00f3re mo\u017cna zapi\u0105\u0107 pod sam\u0105 szyj\u0119. Bawe\u0142niany materia\u0142 zapewnia du\u017cy komfort noszenia.<br \/>\nRozkloszowany d\u00f3\u0142 dodaje lekko\u015bci oraz dziewcz\u0119cego uroku. Model idealny do but\u00f3w na wysokim obcasie na przyj\u0119cia, wesela czy oraz randki. Zestawiona z sanda\u0142kami na p\u0142askim obcasie odnajdzie si\u0119 fantastycznie r\u00f3wnie\u017c w stylizacjach casualowych.<\/p>\n","protected":false},"featured_media":1782,"comment_status":"closed","ping_status":"closed","template":"","meta":{"_monsterinsights_skip_tracking":false,"_monsterinsights_sitenote_active":false,"_monsterinsights_sitenote_note":"","_monsterinsights_sitenote_category":0},"product_cat":[111,109,110,113,136,142,139,138,144,137],"product_tag":[],"class_list":["post-1779","product","type-product","status-publish","has-post-thumbnail","hentry","product_cat-bestseller","product_cat-kategorie","product_cat-nowosci","product_cat-odziez","product_cat-sukienki","product_cat-sukienki-koktajlowe","product_cat-sukienki-mini","product_cat-sukienki-na-co-dzien","product_cat-sukienki-na-impreze","product_cat-sukienki-na-lato"],"_links":{"self":[{"href":"https:\/\/modamo.pl\/index.php\/wp-json\/wp\/v2\/product\/1779","targetHints":{"allow":["GET"]}}],"collection":[{"href":"https:\/\/modamo.pl\/index.php\/wp-json\/wp\/v2\/product"}],"about":[{"href":"https:\/\/modamo.pl\/index.php\/wp-json\/wp\/v2\/types\/product"}],"replies":[{"embeddable":true,"href":"https:\/\/modamo.pl\/index.php\/wp-json\/wp\/v2\/comments?post=1779"}],"wp:featuredmedia":[{"embeddable":true,"href":"https:\/\/modamo.pl\/index.php\/wp-json\/wp\/v2\/media\/1782"}],"wp:attachment":[{"href":"https:\/\/modamo.pl\/index.php\/wp-json\/wp\/v2\/media?parent=1779"}],"wp:term":[{"taxonomy":"product_cat","embeddable":true,"href":"https:\/\/modamo.pl\/index.php\/wp-json\/wp\/v2\/product_cat?post=1779"},{"taxonomy":"product_tag","embeddable":true,"href":"https:\/\/modamo.pl\/index.php\/wp-json\/wp\/v2\/product_tag?post=1779"}],"curies":[{"name":"wp","href":"https:\/\/api.w.org\/{rel}","templated":true}]}}