{"id":1753,"date":"2021-03-31T16:05:19","date_gmt":"2021-03-31T14:05:19","guid":{"rendered":"https:\/\/modamotemp.dkonto.pl\/?post_type=product&#038;p=1753"},"modified":"2021-04-13T16:32:38","modified_gmt":"2021-04-13T14:32:38","slug":"marynarka-massimo-bezowa","status":"publish","type":"product","link":"https:\/\/modamo.pl\/index.php\/produkt\/marynarka-massimo-bezowa\/","title":{"rendered":"Marynarka Massimo Be\u017cowa"},"content":{"rendered":"","protected":false},"excerpt":{"rendered":"<p>Klasyczna, elegancka marynarka damska Massimo z delikatnym taliowaniem to prawdziwy must have w ka\u017cdej garderobie. Posiada wszyte poduszki na ramionach, dzi\u0119ki czemu zachowuje odpowiedni kszta\u0142t. Marynarka posiada klapy imituj\u0105ce kieszenie. Model z d\u0142ugim r\u0119kawem, delikatnie podszytym nadaj\u0105cym wyj\u0105tkowego wygl\u0105du. R\u0119kaw mo\u017cna dodatkowo wywin\u0105\u0107 w zale\u017cno\u015bci od preferowanej d\u0142ugo\u015bci. Doskonale sprawdzi si\u0119 w po\u0142\u0105czeniu ze stylizacjami formalnymi oraz z bardziej casualowymi na przyk\u0142ad z jeansami w wersji codziennej.\u00a0Idealne okrycie wierzchnie, kt\u00f3re w ka\u017cdej wersji oraz na ka\u017cdej osobie wygl\u0105da\u0107\u00a0b\u0119dzie z klas\u0105 oraz bardzo kobieco. \u00a0<\/p>\n","protected":false},"featured_media":1761,"comment_status":"closed","ping_status":"closed","template":"","meta":{"_monsterinsights_skip_tracking":false,"_monsterinsights_sitenote_active":false,"_monsterinsights_sitenote_note":"","_monsterinsights_sitenote_category":0},"product_cat":[111,109,167,110,113],"product_tag":[],"class_list":["post-1753","product","type-product","status-publish","has-post-thumbnail","hentry","product_cat-bestseller","product_cat-kategorie","product_cat-marynarki","product_cat-nowosci","product_cat-odziez"],"_links":{"self":[{"href":"https:\/\/modamo.pl\/index.php\/wp-json\/wp\/v2\/product\/1753","targetHints":{"allow":["GET"]}}],"collection":[{"href":"https:\/\/modamo.pl\/index.php\/wp-json\/wp\/v2\/product"}],"about":[{"href":"https:\/\/modamo.pl\/index.php\/wp-json\/wp\/v2\/types\/product"}],"replies":[{"embeddable":true,"href":"https:\/\/modamo.pl\/index.php\/wp-json\/wp\/v2\/comments?post=1753"}],"wp:featuredmedia":[{"embeddable":true,"href":"https:\/\/modamo.pl\/index.php\/wp-json\/wp\/v2\/media\/1761"}],"wp:attachment":[{"href":"https:\/\/modamo.pl\/index.php\/wp-json\/wp\/v2\/media?parent=1753"}],"wp:term":[{"taxonomy":"product_cat","embeddable":true,"href":"https:\/\/modamo.pl\/index.php\/wp-json\/wp\/v2\/product_cat?post=1753"},{"taxonomy":"product_tag","embeddable":true,"href":"https:\/\/modamo.pl\/index.php\/wp-json\/wp\/v2\/product_tag?post=1753"}],"curies":[{"name":"wp","href":"https:\/\/api.w.org\/{rel}","templated":true}]}}