{"id":1742,"date":"2021-03-31T14:36:11","date_gmt":"2021-03-31T12:36:11","guid":{"rendered":"https:\/\/modamotemp.dkonto.pl\/?post_type=product&#038;p=1742"},"modified":"2021-04-04T11:56:52","modified_gmt":"2021-04-04T09:56:52","slug":"kardigan-kate-bialy","status":"publish","type":"product","link":"https:\/\/modamo.pl\/index.php\/produkt\/kardigan-kate-bialy\/","title":{"rendered":"Kardigan Kate Bia\u0142y"},"content":{"rendered":"","protected":false},"excerpt":{"rendered":"<p>Kardigan kr\u00f3tki Kate to idealne okrycie wierzchnie na ka\u017cd\u0105 pogod\u0119. Model posiada lu\u017any fason, dzi\u0119ki czemu pasuje do ka\u017cdej figury.\u00a0Kardigan zosta\u0142 wykonany z przyjemnego materia\u0142u o bardzo dobrej jako\u015bci, kt\u00f3ry zapewnia nieograniczony komfort u\u017cytkowania. Elementem ozdobnym s\u0105 umieszczone na ca\u0142ej zewn\u0119trznej powierzchni fr\u0119dzle, kt\u00f3re prezentuj\u0105 si\u0119 bardzo efektownie i nadaj\u0105 ca\u0142ej stylizacji wyj\u0105tkowego charakteru.<br \/>\nDoskonale sprawdzi si\u0119 w po\u0142\u0105czeniu z jeansami w wersji codziennej lub jako okrycie zwiewnej sukienki oraz jako element w bardziej wymagaj\u0105cych stylizacjach.<\/p>\n<p>&nbsp;<\/p>\n","protected":false},"featured_media":1736,"comment_status":"closed","ping_status":"closed","template":"","meta":{"_monsterinsights_skip_tracking":false,"_monsterinsights_sitenote_active":false,"_monsterinsights_sitenote_note":"","_monsterinsights_sitenote_category":0},"product_cat":[111,115,109,110,113,114],"product_tag":[],"class_list":["post-1742","product","type-product","status-publish","has-post-thumbnail","hentry","product_cat-bestseller","product_cat-kardigany","product_cat-kategorie","product_cat-nowosci","product_cat-odziez","product_cat-swetry-i-kardigany"],"_links":{"self":[{"href":"https:\/\/modamo.pl\/index.php\/wp-json\/wp\/v2\/product\/1742","targetHints":{"allow":["GET"]}}],"collection":[{"href":"https:\/\/modamo.pl\/index.php\/wp-json\/wp\/v2\/product"}],"about":[{"href":"https:\/\/modamo.pl\/index.php\/wp-json\/wp\/v2\/types\/product"}],"replies":[{"embeddable":true,"href":"https:\/\/modamo.pl\/index.php\/wp-json\/wp\/v2\/comments?post=1742"}],"wp:featuredmedia":[{"embeddable":true,"href":"https:\/\/modamo.pl\/index.php\/wp-json\/wp\/v2\/media\/1736"}],"wp:attachment":[{"href":"https:\/\/modamo.pl\/index.php\/wp-json\/wp\/v2\/media?parent=1742"}],"wp:term":[{"taxonomy":"product_cat","embeddable":true,"href":"https:\/\/modamo.pl\/index.php\/wp-json\/wp\/v2\/product_cat?post=1742"},{"taxonomy":"product_tag","embeddable":true,"href":"https:\/\/modamo.pl\/index.php\/wp-json\/wp\/v2\/product_tag?post=1742"}],"curies":[{"name":"wp","href":"https:\/\/api.w.org\/{rel}","templated":true}]}}