{"id":1723,"date":"2021-03-31T13:31:50","date_gmt":"2021-03-31T11:31:50","guid":{"rendered":"https:\/\/modamotemp.dkonto.pl\/?post_type=product&#038;p=1723"},"modified":"2021-03-31T14:00:45","modified_gmt":"2021-03-31T12:00:45","slug":"kurtka-boston","status":"publish","type":"product","link":"https:\/\/modamo.pl\/index.php\/produkt\/kurtka-boston\/","title":{"rendered":"Kurtka Boston"},"content":{"rendered":"","protected":false},"excerpt":{"rendered":"<p>Kr\u00f3tka Boston w jasnym, wiosennym kolorze to gor\u0105cy trend ostatnich kilku lat. Stanowi doskona\u0142e okrycie wierzchnie w codziennych stylizacjach. Dzi\u0119ki lu\u017anemu fasonowi b\u0119dziesz czu\u0142a si\u0119 w niej niezwykle komfortowo. Elementem ozdobnym s\u0105 umieszczone na przodzie du\u017ce kieszenie na ma\u0142e drobiazgi. Rozszerzone r\u0119kawy prezentuj\u0105 si\u0119 bardzo efektownie.\u00a0Posiada podszewk\u0119 oraz zapi\u0119cie na guziki. Wykonana z dba\u0142o\u015bci\u0105 o ka\u017cdy szczeg\u00f3\u0142. Bardzo dobra jako\u015b\u0107!<\/p>\n<p>Fason kurtki odpowiedni dla kobiet w ka\u017cdym wieku i do ka\u017cdej stylizacji. \u015awietnie sprawdzi si\u0119 w po\u0142\u0105czeniu z klasycznymi jeansami i T-shirtem.<\/p>\n","protected":false},"featured_media":1731,"comment_status":"closed","ping_status":"closed","template":"","meta":{"_monsterinsights_skip_tracking":false,"_monsterinsights_sitenote_active":false,"_monsterinsights_sitenote_note":"","_monsterinsights_sitenote_category":0},"product_cat":[111,109,163,110,113,132],"product_tag":[],"class_list":["post-1723","product","type-product","status-publish","has-post-thumbnail","hentry","product_cat-bestseller","product_cat-kategorie","product_cat-kurtki","product_cat-nowosci","product_cat-odziez","product_cat-okrycia-wierzchnie"],"_links":{"self":[{"href":"https:\/\/modamo.pl\/index.php\/wp-json\/wp\/v2\/product\/1723","targetHints":{"allow":["GET"]}}],"collection":[{"href":"https:\/\/modamo.pl\/index.php\/wp-json\/wp\/v2\/product"}],"about":[{"href":"https:\/\/modamo.pl\/index.php\/wp-json\/wp\/v2\/types\/product"}],"replies":[{"embeddable":true,"href":"https:\/\/modamo.pl\/index.php\/wp-json\/wp\/v2\/comments?post=1723"}],"wp:featuredmedia":[{"embeddable":true,"href":"https:\/\/modamo.pl\/index.php\/wp-json\/wp\/v2\/media\/1731"}],"wp:attachment":[{"href":"https:\/\/modamo.pl\/index.php\/wp-json\/wp\/v2\/media?parent=1723"}],"wp:term":[{"taxonomy":"product_cat","embeddable":true,"href":"https:\/\/modamo.pl\/index.php\/wp-json\/wp\/v2\/product_cat?post=1723"},{"taxonomy":"product_tag","embeddable":true,"href":"https:\/\/modamo.pl\/index.php\/wp-json\/wp\/v2\/product_tag?post=1723"}],"curies":[{"name":"wp","href":"https:\/\/api.w.org\/{rel}","templated":true}]}}