{"id":1507,"date":"2021-03-25T18:59:33","date_gmt":"2021-03-25T17:59:33","guid":{"rendered":"http:\/\/modamotemp.dkonto.pl\/?post_type=product&#038;p=1507"},"modified":"2021-04-04T12:15:54","modified_gmt":"2021-04-04T10:15:54","slug":"sukienka-arianne","status":"publish","type":"product","link":"https:\/\/modamo.pl\/index.php\/produkt\/sukienka-arianne\/","title":{"rendered":"Sukienka Arianne"},"content":{"rendered":"","protected":false},"excerpt":{"rendered":"<p>Sukienka o pi\u0119knym kwiatowym wzorze. Posiada dekolt w kszta\u0142cie litery V. Bardzo przyjemna w dotyku, lekka. B\u0119dziesz si\u0119 czu\u0142a niezwykle kobieco dzi\u0119ki podkre\u015blaj\u0105cemu figur\u0119\u00a0odci\u0119ciu w talii oraz mo\u017cliwo\u015bci marszczenia do\u0142u sukienki, dzi\u0119ki czemu idealnie dostosujesz dla siebie jej d\u0142ugo\u015b\u0107. R\u0119kawy zako\u0144czone s\u0105 w\u0105skim \u015bci\u0105gaczem.<\/p>\n","protected":false},"featured_media":1716,"comment_status":"closed","ping_status":"closed","template":"","meta":{"_monsterinsights_skip_tracking":false,"_monsterinsights_sitenote_active":false,"_monsterinsights_sitenote_note":"","_monsterinsights_sitenote_category":0},"product_cat":[111,109,110,113,136,142,139,138,144,137],"product_tag":[],"class_list":["post-1507","product","type-product","status-publish","has-post-thumbnail","hentry","product_cat-bestseller","product_cat-kategorie","product_cat-nowosci","product_cat-odziez","product_cat-sukienki","product_cat-sukienki-koktajlowe","product_cat-sukienki-mini","product_cat-sukienki-na-co-dzien","product_cat-sukienki-na-impreze","product_cat-sukienki-na-lato"],"_links":{"self":[{"href":"https:\/\/modamo.pl\/index.php\/wp-json\/wp\/v2\/product\/1507","targetHints":{"allow":["GET"]}}],"collection":[{"href":"https:\/\/modamo.pl\/index.php\/wp-json\/wp\/v2\/product"}],"about":[{"href":"https:\/\/modamo.pl\/index.php\/wp-json\/wp\/v2\/types\/product"}],"replies":[{"embeddable":true,"href":"https:\/\/modamo.pl\/index.php\/wp-json\/wp\/v2\/comments?post=1507"}],"wp:featuredmedia":[{"embeddable":true,"href":"https:\/\/modamo.pl\/index.php\/wp-json\/wp\/v2\/media\/1716"}],"wp:attachment":[{"href":"https:\/\/modamo.pl\/index.php\/wp-json\/wp\/v2\/media?parent=1507"}],"wp:term":[{"taxonomy":"product_cat","embeddable":true,"href":"https:\/\/modamo.pl\/index.php\/wp-json\/wp\/v2\/product_cat?post=1507"},{"taxonomy":"product_tag","embeddable":true,"href":"https:\/\/modamo.pl\/index.php\/wp-json\/wp\/v2\/product_tag?post=1507"}],"curies":[{"name":"wp","href":"https:\/\/api.w.org\/{rel}","templated":true}]}}