{"id":1493,"date":"2021-03-25T18:04:23","date_gmt":"2021-03-25T17:04:23","guid":{"rendered":"http:\/\/modamotemp.dkonto.pl\/?post_type=product&#038;p=1493"},"modified":"2023-09-18T10:33:09","modified_gmt":"2023-09-18T08:33:09","slug":"sukienka-adriel-czarna","status":"publish","type":"product","link":"https:\/\/modamo.pl\/index.php\/produkt\/sukienka-adriel-czarna\/","title":{"rendered":"Sukienka Adriel Czarna"},"content":{"rendered":"","protected":false},"excerpt":{"rendered":"<p>Sukienka Adriel posiada dekolt w kszta\u0142cie litery V. Bardzo przyjemna w dotyku, elegancka, lekka. B\u0119dziesz si\u0119 czu\u0142a niezwykle komfortowo oraz bardzo kobieco dzi\u0119ki podkre\u015blaj\u0105cej figur\u0119 gumce w talii, obni\u017conej linii ramion oraz bufiastym\u00a0r\u0119kawom zako\u0144czonym \u015bci\u0105gaczami. Posiada ukryte kieszenie.<\/p>\n","protected":false},"featured_media":1665,"comment_status":"closed","ping_status":"closed","template":"","meta":{"_monsterinsights_skip_tracking":false,"_monsterinsights_sitenote_active":false,"_monsterinsights_sitenote_note":"","_monsterinsights_sitenote_category":0},"product_cat":[111,109,110,113,136,142,139,138,144,137],"product_tag":[],"class_list":["post-1493","product","type-product","status-publish","has-post-thumbnail","hentry","product_cat-bestseller","product_cat-kategorie","product_cat-nowosci","product_cat-odziez","product_cat-sukienki","product_cat-sukienki-koktajlowe","product_cat-sukienki-mini","product_cat-sukienki-na-co-dzien","product_cat-sukienki-na-impreze","product_cat-sukienki-na-lato"],"_links":{"self":[{"href":"https:\/\/modamo.pl\/index.php\/wp-json\/wp\/v2\/product\/1493","targetHints":{"allow":["GET"]}}],"collection":[{"href":"https:\/\/modamo.pl\/index.php\/wp-json\/wp\/v2\/product"}],"about":[{"href":"https:\/\/modamo.pl\/index.php\/wp-json\/wp\/v2\/types\/product"}],"replies":[{"embeddable":true,"href":"https:\/\/modamo.pl\/index.php\/wp-json\/wp\/v2\/comments?post=1493"}],"wp:featuredmedia":[{"embeddable":true,"href":"https:\/\/modamo.pl\/index.php\/wp-json\/wp\/v2\/media\/1665"}],"wp:attachment":[{"href":"https:\/\/modamo.pl\/index.php\/wp-json\/wp\/v2\/media?parent=1493"}],"wp:term":[{"taxonomy":"product_cat","embeddable":true,"href":"https:\/\/modamo.pl\/index.php\/wp-json\/wp\/v2\/product_cat?post=1493"},{"taxonomy":"product_tag","embeddable":true,"href":"https:\/\/modamo.pl\/index.php\/wp-json\/wp\/v2\/product_tag?post=1493"}],"curies":[{"name":"wp","href":"https:\/\/api.w.org\/{rel}","templated":true}]}}