{"id":1482,"date":"2021-03-25T17:08:11","date_gmt":"2021-03-25T16:08:11","guid":{"rendered":"http:\/\/modamotemp.dkonto.pl\/?post_type=product&#038;p=1482"},"modified":"2021-05-06T19:41:54","modified_gmt":"2021-05-06T17:41:54","slug":"sukienka-azurowa-biala","status":"publish","type":"product","link":"https:\/\/modamo.pl\/index.php\/produkt\/sukienka-azurowa-biala\/","title":{"rendered":"Sukienka A\u017curowa Bia\u0142a"},"content":{"rendered":"","protected":false},"excerpt":{"rendered":"<p>Sukienka a\u017curowa hiszpanka z wi\u0105zaniem na g\u00f3rze. Posiada d\u0142ugie, bufiaste r\u0119kawy oraz marszczenia od pasa w d\u00f3\u0142 podkre\u015blaj\u0105ce figur\u0119. \u015aci\u0105gana w biu\u015bcie. Na dole posiada falbank\u0119. Wyb\u00f3r idealny zar\u00f3wno na co dzie\u0144, na wyj\u015bcie z przyjaci\u00f3\u0142ki oraz na imprez\u0119.<\/p>\n","protected":false},"featured_media":1703,"comment_status":"closed","ping_status":"closed","template":"","meta":{"_monsterinsights_skip_tracking":false,"_monsterinsights_sitenote_active":false,"_monsterinsights_sitenote_note":"","_monsterinsights_sitenote_category":0},"product_cat":[111,109,110,113,136,142,139,138,144,137],"product_tag":[],"class_list":["post-1482","product","type-product","status-publish","has-post-thumbnail","hentry","product_cat-bestseller","product_cat-kategorie","product_cat-nowosci","product_cat-odziez","product_cat-sukienki","product_cat-sukienki-koktajlowe","product_cat-sukienki-mini","product_cat-sukienki-na-co-dzien","product_cat-sukienki-na-impreze","product_cat-sukienki-na-lato"],"_links":{"self":[{"href":"https:\/\/modamo.pl\/index.php\/wp-json\/wp\/v2\/product\/1482","targetHints":{"allow":["GET"]}}],"collection":[{"href":"https:\/\/modamo.pl\/index.php\/wp-json\/wp\/v2\/product"}],"about":[{"href":"https:\/\/modamo.pl\/index.php\/wp-json\/wp\/v2\/types\/product"}],"replies":[{"embeddable":true,"href":"https:\/\/modamo.pl\/index.php\/wp-json\/wp\/v2\/comments?post=1482"}],"wp:featuredmedia":[{"embeddable":true,"href":"https:\/\/modamo.pl\/index.php\/wp-json\/wp\/v2\/media\/1703"}],"wp:attachment":[{"href":"https:\/\/modamo.pl\/index.php\/wp-json\/wp\/v2\/media?parent=1482"}],"wp:term":[{"taxonomy":"product_cat","embeddable":true,"href":"https:\/\/modamo.pl\/index.php\/wp-json\/wp\/v2\/product_cat?post=1482"},{"taxonomy":"product_tag","embeddable":true,"href":"https:\/\/modamo.pl\/index.php\/wp-json\/wp\/v2\/product_tag?post=1482"}],"curies":[{"name":"wp","href":"https:\/\/api.w.org\/{rel}","templated":true}]}}