{"id":1476,"date":"2021-03-25T16:21:36","date_gmt":"2021-03-25T15:21:36","guid":{"rendered":"http:\/\/modamotemp.dkonto.pl\/?post_type=product&#038;p=1476"},"modified":"2021-04-06T19:38:05","modified_gmt":"2021-04-06T17:38:05","slug":"bluza-mia","status":"publish","type":"product","link":"https:\/\/modamo.pl\/index.php\/produkt\/bluza-mia\/","title":{"rendered":"Bluza Mia"},"content":{"rendered":"","protected":false},"excerpt":{"rendered":"<p>Bluza w przepi\u0119knym szarym kolorze o poszerzonym kroju stworzona zosta\u0142a dla wszystkich mi\u0142o\u015bniczek sportowego looku. Posiada ona pi\u0119knie uk\u0142adaj\u0105cy si\u0119 kaptur oraz ukryt\u0105 kiesze\u0144 typu kangurek. Bluza przeznaczona na ch\u0142odniejsze dni oraz wieczory.<br \/>\nWykonana z przyjemnego w dotyku materia\u0142u dzianinowego z ociepleniem.\u00a0Wyko\u0144czona jest imitacj\u0105 \u015bci\u0105gacza w pasie oraz na r\u0119kawach.<\/p>\n","protected":false},"featured_media":1599,"comment_status":"closed","ping_status":"closed","template":"","meta":{"_monsterinsights_skip_tracking":false,"_monsterinsights_sitenote_active":false,"_monsterinsights_sitenote_note":"","_monsterinsights_sitenote_category":0},"product_cat":[111,117,109,110,113],"product_tag":[],"class_list":["post-1476","product","type-product","status-publish","has-post-thumbnail","hentry","product_cat-bestseller","product_cat-dresy","product_cat-kategorie","product_cat-nowosci","product_cat-odziez"],"_links":{"self":[{"href":"https:\/\/modamo.pl\/index.php\/wp-json\/wp\/v2\/product\/1476","targetHints":{"allow":["GET"]}}],"collection":[{"href":"https:\/\/modamo.pl\/index.php\/wp-json\/wp\/v2\/product"}],"about":[{"href":"https:\/\/modamo.pl\/index.php\/wp-json\/wp\/v2\/types\/product"}],"replies":[{"embeddable":true,"href":"https:\/\/modamo.pl\/index.php\/wp-json\/wp\/v2\/comments?post=1476"}],"wp:featuredmedia":[{"embeddable":true,"href":"https:\/\/modamo.pl\/index.php\/wp-json\/wp\/v2\/media\/1599"}],"wp:attachment":[{"href":"https:\/\/modamo.pl\/index.php\/wp-json\/wp\/v2\/media?parent=1476"}],"wp:term":[{"taxonomy":"product_cat","embeddable":true,"href":"https:\/\/modamo.pl\/index.php\/wp-json\/wp\/v2\/product_cat?post=1476"},{"taxonomy":"product_tag","embeddable":true,"href":"https:\/\/modamo.pl\/index.php\/wp-json\/wp\/v2\/product_tag?post=1476"}],"curies":[{"name":"wp","href":"https:\/\/api.w.org\/{rel}","templated":true}]}}