{"id":1466,"date":"2021-03-25T15:06:50","date_gmt":"2021-03-25T14:06:50","guid":{"rendered":"http:\/\/modamotemp.dkonto.pl\/?post_type=product&#038;p=1466"},"modified":"2021-04-01T20:46:39","modified_gmt":"2021-04-01T18:46:39","slug":"kamizelka-pearl-puder","status":"publish","type":"product","link":"https:\/\/modamo.pl\/index.php\/produkt\/kamizelka-pearl-puder\/","title":{"rendered":"Kamizelka Pearl Puder"},"content":{"rendered":"","protected":false},"excerpt":{"rendered":"<p>Kamizelka jest idealnym dope\u0142nieniem stylizacji na ch\u0142odniejsze dni. Zapi\u0119cie w postaci podw\u00f3jnego rz\u0119du zatrzask\u00f3w. Posiada mo\u017cliwo\u015b\u0107 regulacji w pasie poprzez ukryte wewn\u0105trz \u015bci\u0105gacze. Wykonana z dba\u0142o\u015bci\u0105 o ka\u017cdy detal.<\/p>\n","protected":false},"featured_media":1642,"comment_status":"closed","ping_status":"closed","template":"","meta":{"_monsterinsights_skip_tracking":false,"_monsterinsights_sitenote_active":false,"_monsterinsights_sitenote_note":"","_monsterinsights_sitenote_category":0},"product_cat":[111,133,109,110,113,132],"product_tag":[],"class_list":["post-1466","product","type-product","status-publish","has-post-thumbnail","hentry","product_cat-bestseller","product_cat-kamizelki","product_cat-kategorie","product_cat-nowosci","product_cat-odziez","product_cat-okrycia-wierzchnie"],"_links":{"self":[{"href":"https:\/\/modamo.pl\/index.php\/wp-json\/wp\/v2\/product\/1466","targetHints":{"allow":["GET"]}}],"collection":[{"href":"https:\/\/modamo.pl\/index.php\/wp-json\/wp\/v2\/product"}],"about":[{"href":"https:\/\/modamo.pl\/index.php\/wp-json\/wp\/v2\/types\/product"}],"replies":[{"embeddable":true,"href":"https:\/\/modamo.pl\/index.php\/wp-json\/wp\/v2\/comments?post=1466"}],"wp:featuredmedia":[{"embeddable":true,"href":"https:\/\/modamo.pl\/index.php\/wp-json\/wp\/v2\/media\/1642"}],"wp:attachment":[{"href":"https:\/\/modamo.pl\/index.php\/wp-json\/wp\/v2\/media?parent=1466"}],"wp:term":[{"taxonomy":"product_cat","embeddable":true,"href":"https:\/\/modamo.pl\/index.php\/wp-json\/wp\/v2\/product_cat?post=1466"},{"taxonomy":"product_tag","embeddable":true,"href":"https:\/\/modamo.pl\/index.php\/wp-json\/wp\/v2\/product_tag?post=1466"}],"curies":[{"name":"wp","href":"https:\/\/api.w.org\/{rel}","templated":true}]}}