{"id":1454,"date":"2021-03-25T14:35:19","date_gmt":"2021-03-25T13:35:19","guid":{"rendered":"http:\/\/modamotemp.dkonto.pl\/?post_type=product&#038;p=1454"},"modified":"2021-03-30T16:10:37","modified_gmt":"2021-03-30T14:10:37","slug":"koszula-casilda-blekitna","status":"publish","type":"product","link":"https:\/\/modamo.pl\/index.php\/produkt\/koszula-casilda-blekitna\/","title":{"rendered":"Koszula Casilda B\u0142\u0119kitna"},"content":{"rendered":"","protected":false},"excerpt":{"rendered":"<p>Koszula to elementy garderoby, kt\u00f3ry jest uniwersalny i idealny na ka\u017cd\u0105 okazj\u0119. Ten asymetryczny model posiada lu\u017any fason z d\u0142u\u017cszym ty\u0142em. Koszula posiada pi\u0119kne, szerokie mankiety.<\/p>\n","protected":false},"featured_media":1605,"comment_status":"closed","ping_status":"closed","template":"","meta":{"_monsterinsights_skip_tracking":false,"_monsterinsights_sitenote_active":false,"_monsterinsights_sitenote_note":"","_monsterinsights_sitenote_category":0},"product_cat":[111,109,134,110,113],"product_tag":[],"class_list":["post-1454","product","type-product","status-publish","has-post-thumbnail","hentry","product_cat-bestseller","product_cat-kategorie","product_cat-koszule","product_cat-nowosci","product_cat-odziez"],"_links":{"self":[{"href":"https:\/\/modamo.pl\/index.php\/wp-json\/wp\/v2\/product\/1454","targetHints":{"allow":["GET"]}}],"collection":[{"href":"https:\/\/modamo.pl\/index.php\/wp-json\/wp\/v2\/product"}],"about":[{"href":"https:\/\/modamo.pl\/index.php\/wp-json\/wp\/v2\/types\/product"}],"replies":[{"embeddable":true,"href":"https:\/\/modamo.pl\/index.php\/wp-json\/wp\/v2\/comments?post=1454"}],"wp:featuredmedia":[{"embeddable":true,"href":"https:\/\/modamo.pl\/index.php\/wp-json\/wp\/v2\/media\/1605"}],"wp:attachment":[{"href":"https:\/\/modamo.pl\/index.php\/wp-json\/wp\/v2\/media?parent=1454"}],"wp:term":[{"taxonomy":"product_cat","embeddable":true,"href":"https:\/\/modamo.pl\/index.php\/wp-json\/wp\/v2\/product_cat?post=1454"},{"taxonomy":"product_tag","embeddable":true,"href":"https:\/\/modamo.pl\/index.php\/wp-json\/wp\/v2\/product_tag?post=1454"}],"curies":[{"name":"wp","href":"https:\/\/api.w.org\/{rel}","templated":true}]}}