{"id":1354,"date":"2021-03-24T20:01:46","date_gmt":"2021-03-24T19:01:46","guid":{"rendered":"http:\/\/modamotemp.dkonto.pl\/?post_type=product&#038;p=1354"},"modified":"2021-04-21T17:07:38","modified_gmt":"2021-04-21T15:07:38","slug":"top-edith-bialy","status":"publish","type":"product","link":"https:\/\/modamo.pl\/index.php\/produkt\/top-edith-bialy\/","title":{"rendered":"Top Edith Bia\u0142y"},"content":{"rendered":"","protected":false},"excerpt":{"rendered":"<p>Delikatna bluzka na rami\u0105czkach z lej\u0105cym si\u0119 dekoltem. Doskona\u0142a jako baza do stworzenia wszystkich stylizacji. Idealna do marynarki, swetra, sp\u00f3dnicy z wysokim stanem czy jeans\u00f3w!<\/p>\n","protected":false},"featured_media":1680,"comment_status":"closed","ping_status":"closed","template":"","meta":{"_monsterinsights_skip_tracking":false,"_monsterinsights_sitenote_active":false,"_monsterinsights_sitenote_note":"","_monsterinsights_sitenote_category":0},"product_cat":[111,121,109,110,113],"product_tag":[],"class_list":["post-1354","product","type-product","status-publish","has-post-thumbnail","hentry","product_cat-bestseller","product_cat-bluzki-i-topy","product_cat-kategorie","product_cat-nowosci","product_cat-odziez"],"_links":{"self":[{"href":"https:\/\/modamo.pl\/index.php\/wp-json\/wp\/v2\/product\/1354","targetHints":{"allow":["GET"]}}],"collection":[{"href":"https:\/\/modamo.pl\/index.php\/wp-json\/wp\/v2\/product"}],"about":[{"href":"https:\/\/modamo.pl\/index.php\/wp-json\/wp\/v2\/types\/product"}],"replies":[{"embeddable":true,"href":"https:\/\/modamo.pl\/index.php\/wp-json\/wp\/v2\/comments?post=1354"}],"wp:featuredmedia":[{"embeddable":true,"href":"https:\/\/modamo.pl\/index.php\/wp-json\/wp\/v2\/media\/1680"}],"wp:attachment":[{"href":"https:\/\/modamo.pl\/index.php\/wp-json\/wp\/v2\/media?parent=1354"}],"wp:term":[{"taxonomy":"product_cat","embeddable":true,"href":"https:\/\/modamo.pl\/index.php\/wp-json\/wp\/v2\/product_cat?post=1354"},{"taxonomy":"product_tag","embeddable":true,"href":"https:\/\/modamo.pl\/index.php\/wp-json\/wp\/v2\/product_tag?post=1354"}],"curies":[{"name":"wp","href":"https:\/\/api.w.org\/{rel}","templated":true}]}}