{"id":1309,"date":"2021-03-24T13:59:46","date_gmt":"2021-03-24T12:59:46","guid":{"rendered":"http:\/\/modamotemp.dkonto.pl\/?post_type=product&#038;p=1309"},"modified":"2021-03-30T16:29:49","modified_gmt":"2021-03-30T14:29:49","slug":"komplet-dresowy-tiana-czarny","status":"publish","type":"product","link":"https:\/\/modamo.pl\/index.php\/produkt\/komplet-dresowy-tiana-czarny\/","title":{"rendered":"Komplet dresowy Tiana Czarny"},"content":{"rendered":"","protected":false},"excerpt":{"rendered":"<p>Poczuj wygod\u0119! Idealny komplet dresowy na co dzie\u0144! Zastosowanie \u015bci\u0105gaczy na nogawkach, r\u0119kawach oraz w pasie stanowi funkcjonalne i efektowe wyko\u0144czenie. Pas w spodniach jest elastyczny, \u015bci\u0105gany troczkiem. Spodnie posiadaj\u0105 dwie funkcjonalne kieszenie z przodu oraz jedn\u0105 z ty\u0142u.<\/p>\n","protected":false},"featured_media":1611,"comment_status":"closed","ping_status":"closed","template":"","meta":{"_monsterinsights_skip_tracking":false,"_monsterinsights_sitenote_active":false,"_monsterinsights_sitenote_note":"","_monsterinsights_sitenote_category":0},"product_cat":[111,117,109,110,113],"product_tag":[],"class_list":["post-1309","product","type-product","status-publish","has-post-thumbnail","hentry","product_cat-bestseller","product_cat-dresy","product_cat-kategorie","product_cat-nowosci","product_cat-odziez"],"_links":{"self":[{"href":"https:\/\/modamo.pl\/index.php\/wp-json\/wp\/v2\/product\/1309","targetHints":{"allow":["GET"]}}],"collection":[{"href":"https:\/\/modamo.pl\/index.php\/wp-json\/wp\/v2\/product"}],"about":[{"href":"https:\/\/modamo.pl\/index.php\/wp-json\/wp\/v2\/types\/product"}],"replies":[{"embeddable":true,"href":"https:\/\/modamo.pl\/index.php\/wp-json\/wp\/v2\/comments?post=1309"}],"wp:featuredmedia":[{"embeddable":true,"href":"https:\/\/modamo.pl\/index.php\/wp-json\/wp\/v2\/media\/1611"}],"wp:attachment":[{"href":"https:\/\/modamo.pl\/index.php\/wp-json\/wp\/v2\/media?parent=1309"}],"wp:term":[{"taxonomy":"product_cat","embeddable":true,"href":"https:\/\/modamo.pl\/index.php\/wp-json\/wp\/v2\/product_cat?post=1309"},{"taxonomy":"product_tag","embeddable":true,"href":"https:\/\/modamo.pl\/index.php\/wp-json\/wp\/v2\/product_tag?post=1309"}],"curies":[{"name":"wp","href":"https:\/\/api.w.org\/{rel}","templated":true}]}}