{"id":1307,"date":"2021-03-24T13:48:36","date_gmt":"2021-03-24T12:48:36","guid":{"rendered":"http:\/\/modamotemp.dkonto.pl\/?post_type=product&#038;p=1307"},"modified":"2022-03-03T12:59:10","modified_gmt":"2022-03-03T11:59:10","slug":"kardigan-kendy","status":"publish","type":"product","link":"https:\/\/modamo.pl\/index.php\/produkt\/kardigan-kendy\/","title":{"rendered":"Kardigan Kendy"},"content":{"rendered":"","protected":false},"excerpt":{"rendered":"<p>Kardigan narzucany idealnie sprawdzi si\u0119 w stylizacjach codziennych. Wykonany jest z wysokiej jako\u015bci mi\u0119sistej i lekkiej prz\u0119dzy o g\u0119stym uigleniu. Jest mi\u0119kki, przyjemny dla cia\u0142a, nie pozostawia uczucia &#8220;gryzienia&#8221;.<\/p>\n","protected":false},"featured_media":1553,"comment_status":"closed","ping_status":"closed","template":"","meta":{"_monsterinsights_skip_tracking":false,"_monsterinsights_sitenote_active":false,"_monsterinsights_sitenote_note":"","_monsterinsights_sitenote_category":0},"product_cat":[111,115,109,110,113,114],"product_tag":[],"class_list":["post-1307","product","type-product","status-publish","has-post-thumbnail","hentry","product_cat-bestseller","product_cat-kardigany","product_cat-kategorie","product_cat-nowosci","product_cat-odziez","product_cat-swetry-i-kardigany"],"_links":{"self":[{"href":"https:\/\/modamo.pl\/index.php\/wp-json\/wp\/v2\/product\/1307","targetHints":{"allow":["GET"]}}],"collection":[{"href":"https:\/\/modamo.pl\/index.php\/wp-json\/wp\/v2\/product"}],"about":[{"href":"https:\/\/modamo.pl\/index.php\/wp-json\/wp\/v2\/types\/product"}],"replies":[{"embeddable":true,"href":"https:\/\/modamo.pl\/index.php\/wp-json\/wp\/v2\/comments?post=1307"}],"wp:featuredmedia":[{"embeddable":true,"href":"https:\/\/modamo.pl\/index.php\/wp-json\/wp\/v2\/media\/1553"}],"wp:attachment":[{"href":"https:\/\/modamo.pl\/index.php\/wp-json\/wp\/v2\/media?parent=1307"}],"wp:term":[{"taxonomy":"product_cat","embeddable":true,"href":"https:\/\/modamo.pl\/index.php\/wp-json\/wp\/v2\/product_cat?post=1307"},{"taxonomy":"product_tag","embeddable":true,"href":"https:\/\/modamo.pl\/index.php\/wp-json\/wp\/v2\/product_tag?post=1307"}],"curies":[{"name":"wp","href":"https:\/\/api.w.org\/{rel}","templated":true}]}}