{"id":1435,"date":"2021-03-25T13:08:53","date_gmt":"2021-03-25T12:08:53","guid":{"rendered":"http:\/\/modamotemp.dkonto.pl\/?page_id=1435"},"modified":"2021-04-08T13:05:10","modified_gmt":"2021-04-08T11:05:10","slug":"zwroty-i-reklamacje","status":"publish","type":"page","link":"https:\/\/modamo.pl\/index.php\/zwroty-i-reklamacje\/","title":{"rendered":"Zwroty i reklamacje"},"content":{"rendered":"<p>[vc_row][vc_column][vc_column_text]<\/p>\n<h1 style=\"text-align: center;\">Zwroty<\/h1>\n<p class=\"border_bottom\" style=\"text-align: center;\">Je\u017celi chcesz zwr\u00f3ci\u0107 zakupiony u nas produkt &#8211; nie ma problemu! Masz do tego prawo w terminie 14 dni od otrzymania towaru.<br \/>\nMo\u017cesz odst\u0105pi\u0107 od umowy sprzeda\u017cy zakupionych w sklepie Modamo.pl\u00a0produkt\u00f3w w ci\u0105gu 14 dni od ich otrzymania, na zasadach opisanych w Ustawie z dnia 30.05.2014r. o prawach konsumenta (Dz. U. z 2014 nr 827).<\/p>\n<h2 class=\"icon material-design-double126\">Jak dokona\u0107 zwrotu?<\/h2>\n<ul class=\"list-3 border_bottom row countBox\">\n<li class=\"col-sm-6\">\n<h4><strong>Pobierz i wydrukuj formularz zwrotu<\/strong><\/h4>\n<\/li>\n<\/ul>\n<h4><strong><a href=\"https:\/\/modamo.pl\/wp-content\/uploads\/2021\/04\/MODAMO-FORMULARZ-ZWROTU.pdf\"><img loading=\"lazy\" decoding=\"async\" class=\"alignnone size-medium wp-image-2023\" src=\"https:\/\/modamo.pl\/wp-content\/uploads\/2021\/04\/Formularz-zwrotu-300x76.png\" alt=\"\" width=\"300\" height=\"76\" srcset=\"https:\/\/modamo.pl\/wp-content\/uploads\/2021\/04\/Formularz-zwrotu-300x76.png 300w, https:\/\/modamo.pl\/wp-content\/uploads\/2021\/04\/Formularz-zwrotu-768x194.png 768w, https:\/\/modamo.pl\/wp-content\/uploads\/2021\/04\/Formularz-zwrotu-660x166.png 660w, https:\/\/modamo.pl\/wp-content\/uploads\/2021\/04\/Formularz-zwrotu-840x212.png 840w, https:\/\/modamo.pl\/wp-content\/uploads\/2021\/04\/Formularz-zwrotu.png 960w\" sizes=\"auto, (max-width: 300px) 100vw, 300px\" \/><\/a><\/strong><\/h4>\n<ul class=\"list-3 border_bottom row countBox\">\n<li class=\"col-sm-6\">\n<h4><strong>Do\u0142\u0105cz wype\u0142niony formularz, paragon oraz produkty, kt\u00f3re chcesz zwr\u00f3ci\u0107<\/strong><\/h4>\n<\/li>\n<li class=\"col-sm-6\">\n<h4><strong>Nadaj przesy\u0142\u0119 na adres:<\/strong><\/h4>\n<p>MODAMO<br \/>\nul. Libijska 16 lok. 15<br \/>\n03-977 Warszawa<\/li>\n<\/ul>\n<h2 class=\"icon material-design-front17\"><\/h2>\n<h2 class=\"icon material-design-problems\">Informacje dotycz\u0105ce zwrotu<\/h2>\n<ul class=\"list-3 border_bottom disk row\">\n<li class=\"col-sm-6\">\n<h5>Zwracane produkty musz\u0105 by\u0107 nowe, nieu\u017cywane<\/h5>\n<\/li>\n<li class=\"col-sm-6\">\n<h5>Zwracane produkty\u00a0nie mog\u0105 posiada\u0107 \u015blad\u00f3w u\u017cytkowania, zapachu (np. perfum), zabrudze\u0144 (np. \u015blad\u00f3w makija\u017cu)<\/h5>\n<\/li>\n<li class=\"col-sm-6\">\n<h5>Zwracane produkty musz\u0105 posia\u0107 wszystkie metki<\/h5>\n<\/li>\n<li class=\"col-sm-6\">\n<h5>Ka\u017cdy zwracany produkt powinien by\u0107 odpowiednio zapakowany oraz zabezpieczony, dotyczy to r\u00f3wnie\u017c obuwia wraz z ich oryginalnym kartonem<\/h5>\n<\/li>\n<li class=\"col-sm-6\">\n<h5>Koszt odes\u0142ania towaru pokrywa Kupuj\u0105cy<\/h5>\n<\/li>\n<li class=\"col-sm-6\">\n<h5>Nie odbieramy\u00a0przesy\u0142ek przes\u0142anych do nas\u00a0za pobraniem\u00a0oraz do\u00a0paczkomatu<\/h5>\n<\/li>\n<li class=\"col-sm-6\">\n<h5>Do zwracanego produktu musi by\u0107 do\u0142\u0105czony formularz oraz dokument sprzeda\u017cy<\/h5>\n<\/li>\n<li class=\"col-sm-6\">\n<h5>Zwrot \u015brodk\u00f3w realizowany jest w terminie 14 dni roboczych od momentu otrzymania przez nas przesy\u0142ki, metod\u0105 jak\u0105 by\u0142a dokonywana p\u0142atno\u015b\u0107 za zakupy<\/h5>\n<\/li>\n<li class=\"col-sm-6\">\n<h5>Zwrot nie przys\u0142uguje podmiotom gospodarczym, kt\u00f3re na zakup towar\u00f3w otrzyma\u0142y faktur\u0119 VAT. Powy\u017csze wy\u0142\u0105czenie nie obejmuje przedsi\u0119biorc\u00f3w na prawach konsumenta<\/h5>\n<\/li>\n<\/ul>\n<h2 class=\"icon material-design-refresh55\"><\/h2>\n<p>&nbsp;<\/p>\n<h1><\/h1>\n<h1 class=\"icon material-design-front17\" style=\"text-align: center;\">Reklamacje<\/h1>\n<h2>Jak zg\u0142osi\u0107 reklamacje?<\/h2>\n<p>Reklamacje z tytu\u0142u niezgodno\u015bci towaru z umow\u0105 prosimy zg\u0142asza\u0107 drog\u0105 elektroniczn\u0105 na adres biuro@modamo.pl lub drog\u0105 listown\u0105 na adres MODAMO, ul. Libijska 16 lok. 15, 03-977 Warszawa[\/vc_column_text][\/vc_column][\/vc_row]<\/p>\n","protected":false},"excerpt":{"rendered":"<p>[vc_row][vc_column][vc_column_text] Zwroty Je\u017celi chcesz zwr\u00f3ci\u0107 zakupiony u nas produkt &#8211; nie ma problemu! Masz do tego prawo w terminie 14 dni od otrzymania towaru. Mo\u017cesz odst\u0105pi\u0107 od umowy sprzeda\u017cy zakupionych&hellip;<\/p>\n","protected":false},"author":1,"featured_media":0,"parent":0,"menu_order":0,"comment_status":"closed","ping_status":"open","template":"","meta":{"_monsterinsights_skip_tracking":false,"_monsterinsights_sitenote_active":false,"_monsterinsights_sitenote_note":"","_monsterinsights_sitenote_category":0,"footnotes":""},"class_list":["post-1435","page","type-page","status-publish","hentry"],"_links":{"self":[{"href":"https:\/\/modamo.pl\/index.php\/wp-json\/wp\/v2\/pages\/1435","targetHints":{"allow":["GET"]}}],"collection":[{"href":"https:\/\/modamo.pl\/index.php\/wp-json\/wp\/v2\/pages"}],"about":[{"href":"https:\/\/modamo.pl\/index.php\/wp-json\/wp\/v2\/types\/page"}],"author":[{"embeddable":true,"href":"https:\/\/modamo.pl\/index.php\/wp-json\/wp\/v2\/users\/1"}],"replies":[{"embeddable":true,"href":"https:\/\/modamo.pl\/index.php\/wp-json\/wp\/v2\/comments?post=1435"}],"version-history":[{"count":7,"href":"https:\/\/modamo.pl\/index.php\/wp-json\/wp\/v2\/pages\/1435\/revisions"}],"predecessor-version":[{"id":2028,"href":"https:\/\/modamo.pl\/index.php\/wp-json\/wp\/v2\/pages\/1435\/revisions\/2028"}],"wp:attachment":[{"href":"https:\/\/modamo.pl\/index.php\/wp-json\/wp\/v2\/media?parent=1435"}],"curies":[{"name":"wp","href":"https:\/\/api.w.org\/{rel}","templated":true}]}}