{"id":1408,"date":"2021-03-25T12:27:57","date_gmt":"2021-03-25T11:27:57","guid":{"rendered":"http:\/\/modamotemp.dkonto.pl\/?page_id=1408"},"modified":"2021-04-02T13:21:44","modified_gmt":"2021-04-02T11:21:44","slug":"platnosc","status":"publish","type":"page","link":"https:\/\/modamo.pl\/index.php\/platnosc\/","title":{"rendered":"P\u0142atno\u015b\u0107"},"content":{"rendered":"<p>[vc_row][vc_column][vc_column_text]<\/p>\n<p style=\"text-align: center;\">Oferujemy dwie metody p\u0142atno\u015bci za dokonane zakupy.<\/p>\n<p>[\/vc_column_text][vc_empty_space][\/vc_column][\/vc_row][vc_row el_id=&#8221;firstPayRow&#8221;][vc_column width=&#8221;1\/2&#8243;]<div class=\"konte-icon-box icon-type-image box-align-center   \">\r\n\t\t\t\t<div class=\"konte-icon-box__icon\"><img decoding=\"async\" alt=\"Przelewy natychmiastowe\" src=\"https:\/\/modamo.pl\/wp-content\/uploads\/2021\/03\/Zrzut-ekranu-2021-03-25-o-12.02.56-1.png\"><\/div>\r\n\t\t\t\t<h4 class=\"konte-icon-box__title\" >Przelewy natychmiastowe<\/h4>\r\n\t\t\t\t<div class=\"konte-icon-box__content\"><p class=\"_04xlpA direction-ltr align-center para-style-body\"><span class=\"JsGRdQ\">P\u0142atno\u015bci mo\u017cesz dokona\u0107<br \/>\n<\/span><span class=\"JsGRdQ\">poprzez Przelewy24.pl.<\/span><\/p>\n<\/div>\r\n\t\t\t<\/div>[\/vc_column][vc_column width=&#8221;1\/2&#8243;]<div class=\"konte-icon-box icon-type-image box-align-center   \">\r\n\t\t\t\t<div class=\"konte-icon-box__icon\"><img decoding=\"async\" alt=\"Przelew tradycyjny\" src=\"https:\/\/modamo.pl\/wp-content\/uploads\/2021\/03\/Zrzut-ekranu-2021-03-25-o-12.04.12-1.png\"><\/div>\r\n\t\t\t\t<h4 class=\"konte-icon-box__title\" >Przelew tradycyjny<\/h4>\r\n\t\t\t\t<div class=\"konte-icon-box__content\"><p class=\"_04xlpA direction-ltr align-center para-style-body\"><span class=\"JsGRdQ\">P\u0142atno\u015bci mo\u017cesz dokona\u0107 przelewem tradycyjnym.<br \/>\n<\/span><span class=\"JsGRdQ\">Prosimy o jego wykonanie w dniu dokonania zakupu.<\/span><\/p>\n<\/div>\r\n\t\t\t<\/div>[\/vc_column][\/vc_row][vc_row][vc_column][vc_empty_space height=&#8221;60px&#8221;][vc_empty_space][vc_column_text]<\/p>\n<p style=\"text-align: center;\">Dane do przelew\u00f3w:<\/p>\n<p>[\/vc_column_text][vc_empty_space][\/vc_column][\/vc_row][vc_row el_id=&#8221;secondPayRow&#8221;][vc_column width=&#8221;1\/3&#8243;]<div class=\"konte-icon-box icon-type-image box-align-center   \">\r\n\t\t\t\t<div class=\"konte-icon-box__icon\"><img decoding=\"async\" alt=\"Przelewy24\" src=\"https:\/\/modamo.pl\/wp-content\/uploads\/2021\/03\/Zrzut-ekranu-2021-03-25-o-12.25.19-e1616671578780.png\"><\/div>\r\n\t\t\t\t<h4 class=\"konte-icon-box__title\" >Przelewy24<\/h4>\r\n\t\t\t\t<div class=\"konte-icon-box__content\"><p class=\"_04xlpA direction-ltr align-center para-style-body\"><span class=\"JsGRdQ\">P\u0142atno\u015bci przez serwis szybkich p\u0142atno\u015bci<br \/>\n<\/span><span class=\"JsGRdQ\">przelewy24.pl &#8211; przy u\u017cyciu karty, loguj\u0105c si\u0119<br \/>\n<\/span><span class=\"JsGRdQ\">na swoje konto bankowe lub za pomoc\u0105 kodu blik.<\/span><\/p>\n<\/div>\r\n\t\t\t<\/div>[\/vc_column][vc_column width=&#8221;1\/3&#8243;]<div class=\"konte-icon-box icon-type-image box-align-center   \">\r\n\t\t\t\t<div class=\"konte-icon-box__icon\"><img decoding=\"async\" alt=\"Przelew tradycyjny\" src=\"https:\/\/modamo.pl\/wp-content\/uploads\/2021\/03\/Zrzut-ekranu-2021-03-25-o-12.14.04-1.png\"><\/div>\r\n\t\t\t\t<h4 class=\"konte-icon-box__title\" >Przelew tradycyjny<\/h4>\r\n\t\t\t\t<div class=\"konte-icon-box__content\"><p class=\"_04xlpA direction-ltr align-center para-style-body\"><span class=\"JsGRdQ\">Odbiorca: MODAMO<br \/>\n<\/span><span class=\"JsGRdQ\">Nr rachunku:<br \/>\n81 1160 2202 0000 0004 6344 0708<br \/>\n<\/span><span class=\"JsGRdQ\">Millennium Bank<br \/>\n<\/span><span class=\"JsGRdQ\">Adres: Budowlanych 8 lok. 36, 87-800 W\u0142oc\u0142awek<br \/>\n<\/span><span class=\"JsGRdQ\">Tytu\u0142: podaj numer zam\u00f3wienia<\/span><\/p>\n<\/div>\r\n\t\t\t<\/div>[\/vc_column][vc_column width=&#8221;1\/3&#8243;]<div class=\"konte-icon-box icon-type-image box-align-center   \">\r\n\t\t\t\t<div class=\"konte-icon-box__icon\"><img decoding=\"async\" alt=\"Przelew z zagranicy\" src=\"https:\/\/modamo.pl\/wp-content\/uploads\/2021\/03\/Zrzut-ekranu-2021-03-25-o-12.11.38-1.png\"><\/div>\r\n\t\t\t\t<h4 class=\"konte-icon-box__title\" >Przelew z zagranicy<\/h4>\r\n\t\t\t\t<div class=\"konte-icon-box__content\"><p class=\"_04xlpA direction-ltr align-center para-style-body\"><span class=\"JsGRdQ\">Odbiorca: MODAMO<br \/>\n<\/span><span class=\"JsGRdQ\">IBAN:<br \/>\nPL 81 1160 2202 0000 0004 6344 0708<br \/>\n<\/span><span class=\"JsGRdQ\">Millennium Bank<br \/>\n<\/span><span class=\"JsGRdQ\">Kod SWIFT banku: BIGBPLPW<br \/>\n<\/span><span class=\"JsGRdQ\">Adres banku:ul. Stanis\u0142awa \u017baryna 2A, 02-593 Warszawa<br \/>\n<\/span><span class=\"JsGRdQ\">Tytu\u0142: podaj numer zam\u00f3wienia<\/span><\/p>\n<\/div>\r\n\t\t\t<\/div>[\/vc_column][\/vc_row]<\/p>\n","protected":false},"excerpt":{"rendered":"<p>[vc_row][vc_column][vc_column_text] Oferujemy dwie metody p\u0142atno\u015bci za dokonane zakupy. [\/vc_column_text][vc_empty_space][\/vc_column][\/vc_row][vc_row el_id=&#8221;firstPayRow&#8221;][vc_column width=&#8221;1\/2&#8243;][\/vc_column][vc_column width=&#8221;1\/2&#8243;][\/vc_column][\/vc_row][vc_row][vc_column][vc_empty_space height=&#8221;60px&#8221;][vc_empty_space][vc_column_text] Dane do przelew\u00f3w: [\/vc_column_text][vc_empty_space][\/vc_column][\/vc_row][vc_row el_id=&#8221;secondPayRow&#8221;][vc_column width=&#8221;1\/3&#8243;][\/vc_column][vc_column width=&#8221;1\/3&#8243;][\/vc_column][vc_column width=&#8221;1\/3&#8243;][\/vc_column][\/vc_row]<\/p>\n","protected":false},"author":1,"featured_media":0,"parent":0,"menu_order":0,"comment_status":"closed","ping_status":"open","template":"","meta":{"_monsterinsights_skip_tracking":false,"_monsterinsights_sitenote_active":false,"_monsterinsights_sitenote_note":"","_monsterinsights_sitenote_category":0,"footnotes":""},"class_list":["post-1408","page","type-page","status-publish","hentry"],"_links":{"self":[{"href":"https:\/\/modamo.pl\/index.php\/wp-json\/wp\/v2\/pages\/1408","targetHints":{"allow":["GET"]}}],"collection":[{"href":"https:\/\/modamo.pl\/index.php\/wp-json\/wp\/v2\/pages"}],"about":[{"href":"https:\/\/modamo.pl\/index.php\/wp-json\/wp\/v2\/types\/page"}],"author":[{"embeddable":true,"href":"https:\/\/modamo.pl\/index.php\/wp-json\/wp\/v2\/users\/1"}],"replies":[{"embeddable":true,"href":"https:\/\/modamo.pl\/index.php\/wp-json\/wp\/v2\/comments?post=1408"}],"version-history":[{"count":8,"href":"https:\/\/modamo.pl\/index.php\/wp-json\/wp\/v2\/pages\/1408\/revisions"}],"predecessor-version":[{"id":1972,"href":"https:\/\/modamo.pl\/index.php\/wp-json\/wp\/v2\/pages\/1408\/revisions\/1972"}],"wp:attachment":[{"href":"https:\/\/modamo.pl\/index.php\/wp-json\/wp\/v2\/media?parent=1408"}],"curies":[{"name":"wp","href":"https:\/\/api.w.org\/{rel}","templated":true}]}}