{"id":1379,"date":"2021-03-24T22:04:47","date_gmt":"2021-03-24T21:04:47","guid":{"rendered":"http:\/\/modamotemp.dkonto.pl\/?page_id=1379"},"modified":"2021-04-06T20:03:23","modified_gmt":"2021-04-06T18:03:23","slug":"dostawa","status":"publish","type":"page","link":"https:\/\/modamo.pl\/index.php\/dostawa\/","title":{"rendered":"Dostawa"},"content":{"rendered":"<p>[vc_row][vc_column][vc_column_text]<\/p>\n<p style=\"text-align: center;\">Czas dostawy wynosi 1-2 dni robocze. Czas przygotowania przesy\u0142ki do czasu jej wysy\u0142ki wynosi 1-5 dni roboczych.<\/p>\n<p style=\"text-align: center;\"><strong>Darmowa wysy\u0142ka dla zam\u00f3wie\u0144 powy\u017cej 399z\u0142.<\/strong><br \/>\nW uwagach do zam\u00f3wienia prosz\u0119 wybra\u0107 opcj\u0119 dostawy (paczkomaty InPost, Paczka w Ruchu lub Kurier InPost).<br \/>\nW przypadku paczkomat\u00f3w InPost prosz\u0119 napisa\u0107 do kt\u00f3rego punktu paczka ma zosta\u0107 nadana.<\/p>\n<p>[\/vc_column_text][vc_empty_space][\/vc_column][\/vc_row][vc_row el_id=&#8221;deliveryRow&#8221;][vc_column width=&#8221;1\/4&#8243; el_class=&#8221;delivCol&#8221;]<div class=\"konte-icon-box icon-type-image box-align-center   \">\r\n\t\t\t\t<div class=\"konte-icon-box__icon\"><img decoding=\"async\" alt=\"Paczkomaty InPost\" src=\"https:\/\/modamo.pl\/wp-content\/uploads\/2021\/03\/inpost-paczkomaty-1.jpg\"><\/div>\r\n\t\t\t\t<h4 class=\"konte-icon-box__title\" >Paczkomaty InPost<\/h4>\r\n\t\t\t\t<div class=\"konte-icon-box__content\"><p class=\"_04xlpA direction-ltr align-center para-style-body\" style=\"text-align: center;\"><span class=\"JsGRdQ\">Wybierz t\u0119 metod\u0119 dostawy, aby odebra\u0107 przesy\u0142k\u0119<br \/>\n<\/span><span class=\"JsGRdQ\">w wybranym paczkomacie.<\/span><\/p>\n<p class=\"_04xlpA direction-ltr align-center para-style-body\" style=\"text-align: center;\"><strong><span class=\"JsGRdQ\">Koszt dostawy &#8211; 14 z\u0142<\/span><\/strong><\/p>\n<\/div>\r\n\t\t\t<\/div>[\/vc_column][vc_column width=&#8221;1\/4&#8243;]<div class=\"konte-icon-box icon-type-image box-align-center   \">\r\n\t\t\t\t<div class=\"konte-icon-box__icon\"><img decoding=\"async\" alt=\"Paczka w Ruchu\" src=\"https:\/\/modamo.pl\/wp-content\/uploads\/2021\/03\/paczka_w_ruchu_logo-scaled.jpg\"><\/div>\r\n\t\t\t\t<h4 class=\"konte-icon-box__title\" >Paczka w Ruchu<\/h4>\r\n\t\t\t\t<div class=\"konte-icon-box__content\"><p class=\"_04xlpA direction-ltr align-center para-style-body\" style=\"text-align: center;\"><span class=\"JsGRdQ\">Wybierz t\u0119 metod\u0119 dostawy, aby odebra\u0107 przesy\u0142k\u0119<br \/>\n<\/span><span class=\"JsGRdQ\">w wybranym punkcie.<\/span><\/p>\n<p class=\"_04xlpA direction-ltr align-center para-style-body\" style=\"text-align: center;\"><strong><span class=\"JsGRdQ\">Koszt dostawy &#8211; 10 z\u0142<\/span><\/strong><\/p>\n<\/div>\r\n\t\t\t<\/div>[\/vc_column][vc_column width=&#8221;1\/4&#8243;]<div class=\"konte-icon-box icon-type-image box-align-center   \">\r\n\t\t\t\t<div class=\"konte-icon-box__icon\"><img decoding=\"async\" alt=\"Kurier InPost\" src=\"https:\/\/modamo.pl\/wp-content\/uploads\/2021\/03\/3947daf645e367b76b24ae06ff50bedf-1.jpg\"><\/div>\r\n\t\t\t\t<h4 class=\"konte-icon-box__title\" >Kurier InPost<\/h4>\r\n\t\t\t\t<div class=\"konte-icon-box__content\"><p class=\"_04xlpA direction-ltr align-center para-style-body\" style=\"text-align: center;\"><span class=\"JsGRdQ\">Wybierz t\u0119 metod\u0119 dostawy, aby kurier InPost\u00a0<\/span><span class=\"JsGRdQ\">dostarczy\u0142 paczk\u0119<br \/>\n<\/span><span class=\"JsGRdQ\">pod wskazany adres.<\/span><\/p>\n<p class=\"_04xlpA direction-ltr align-center para-style-body\" style=\"text-align: center;\"><strong><span class=\"JsGRdQ\">Koszt dostawy &#8211; 16 z\u0142<\/span><\/strong><\/p>\n<\/div>\r\n\t\t\t<\/div>[\/vc_column][vc_column width=&#8221;1\/4&#8243;]<div class=\"konte-icon-box icon-type-image box-align-center   \">\r\n\t\t\t\t<div class=\"konte-icon-box__icon\"><img decoding=\"async\" alt=\"Kurier DHL\" src=\"https:\/\/modamo.pl\/wp-content\/uploads\/2021\/03\/373028_preview-1.png\"><\/div>\r\n\t\t\t\t<h4 class=\"konte-icon-box__title\" >Kurier DHL<\/h4>\r\n\t\t\t\t<div class=\"konte-icon-box__content\"><p class=\"_04xlpA direction-ltr align-center para-style-body\" style=\"text-align: center;\"><span class=\"JsGRdQ\">Wybierz t\u0119 metod\u0119 dostawy, aby kurier DHL\u00a0<\/span><span class=\"JsGRdQ\">dostarczy\u0142 paczk\u0119<br \/>\npod wskazany adres.<\/span><\/p>\n<p class=\"_04xlpA direction-ltr align-center para-style-body\" style=\"text-align: center;\"><strong><span class=\"JsGRdQ\">Koszt dostawy &#8211; 18 z\u0142<\/span><\/strong><\/p>\n<\/div>\r\n\t\t\t<\/div>[\/vc_column][\/vc_row]<\/p>\n","protected":false},"excerpt":{"rendered":"<p>[vc_row][vc_column][vc_column_text] Czas dostawy wynosi 1-2 dni robocze. Czas przygotowania przesy\u0142ki do czasu jej wysy\u0142ki wynosi 1-5 dni roboczych. Darmowa wysy\u0142ka dla zam\u00f3wie\u0144 powy\u017cej 399z\u0142. W uwagach do zam\u00f3wienia prosz\u0119 wybra\u0107&hellip;<\/p>\n","protected":false},"author":1,"featured_media":0,"parent":0,"menu_order":0,"comment_status":"closed","ping_status":"open","template":"","meta":{"_monsterinsights_skip_tracking":false,"_monsterinsights_sitenote_active":false,"_monsterinsights_sitenote_note":"","_monsterinsights_sitenote_category":0,"footnotes":""},"class_list":["post-1379","page","type-page","status-publish","hentry"],"_links":{"self":[{"href":"https:\/\/modamo.pl\/index.php\/wp-json\/wp\/v2\/pages\/1379","targetHints":{"allow":["GET"]}}],"collection":[{"href":"https:\/\/modamo.pl\/index.php\/wp-json\/wp\/v2\/pages"}],"about":[{"href":"https:\/\/modamo.pl\/index.php\/wp-json\/wp\/v2\/types\/page"}],"author":[{"embeddable":true,"href":"https:\/\/modamo.pl\/index.php\/wp-json\/wp\/v2\/users\/1"}],"replies":[{"embeddable":true,"href":"https:\/\/modamo.pl\/index.php\/wp-json\/wp\/v2\/comments?post=1379"}],"version-history":[{"count":24,"href":"https:\/\/modamo.pl\/index.php\/wp-json\/wp\/v2\/pages\/1379\/revisions"}],"predecessor-version":[{"id":2007,"href":"https:\/\/modamo.pl\/index.php\/wp-json\/wp\/v2\/pages\/1379\/revisions\/2007"}],"wp:attachment":[{"href":"https:\/\/modamo.pl\/index.php\/wp-json\/wp\/v2\/media?parent=1379"}],"curies":[{"name":"wp","href":"https:\/\/api.w.org\/{rel}","templated":true}]}}